{"id":5658,"date":"2019-09-16T18:59:33","date_gmt":"2019-09-16T18:59:33","guid":{"rendered":"https:\/\/www.finsdesiecles-artdeco.com\/?product=lampes-de-table"},"modified":"2022-09-09T08:16:34","modified_gmt":"2022-09-09T08:16:34","slug":"lampe-de-table-3","status":"publish","type":"product","link":"https:\/\/www.finsdesiecles-artdeco.com\/fr\/product\/lampe-de-table-3\/","title":{"rendered":"Lampe de bureau Art D\u00e9co"},"content":{"rendered":"<p>Lampe de bureau Art-D\u00e9co\u00a0Pirouette &#8211; France 1930<\/p>\n","protected":false},"excerpt":{"rendered":"<p>Lampe de bureau Art D\u00e9co en m\u00e9tal chrom\u00e9 et opaline blanche, r\u00e9glable en hauteur et inclinaison.<\/p>\n<p>Mod\u00e8le d\u00e9pos\u00e9 : \u00ab\u00a0Pirouette\u00a0\u00bb<\/p>\n<p>France vers 1930.<\/p>\n","protected":false},"featured_media":5650,"template":"","meta":{"_editorskit_title_hidden":false,"_editorskit_reading_time":0,"_editorskit_is_block_options_detached":false,"_editorskit_block_options_position":"{}","inline_featured_image":false},"product_brand":[],"product_cat":[333,264],"product_tag":[],"class_list":{"0":"post-5658","1":"product","2":"type-product","3":"status-publish","4":"has-post-thumbnail","6":"product_cat-lampes-de-table","7":"product_cat-luminaires","9":"first","10":"outofstock","11":"product-type-simple"},"_links":{"self":[{"href":"https:\/\/www.finsdesiecles-artdeco.com\/fr\/wp-json\/wp\/v2\/product\/5658","targetHints":{"allow":["GET"]}}],"collection":[{"href":"https:\/\/www.finsdesiecles-artdeco.com\/fr\/wp-json\/wp\/v2\/product"}],"about":[{"href":"https:\/\/www.finsdesiecles-artdeco.com\/fr\/wp-json\/wp\/v2\/types\/product"}],"wp:featuredmedia":[{"embeddable":true,"href":"https:\/\/www.finsdesiecles-artdeco.com\/fr\/wp-json\/wp\/v2\/media\/5650"}],"wp:attachment":[{"href":"https:\/\/www.finsdesiecles-artdeco.com\/fr\/wp-json\/wp\/v2\/media?parent=5658"}],"wp:term":[{"taxonomy":"product_brand","embeddable":true,"href":"https:\/\/www.finsdesiecles-artdeco.com\/fr\/wp-json\/wp\/v2\/product_brand?post=5658"},{"taxonomy":"product_cat","embeddable":true,"href":"https:\/\/www.finsdesiecles-artdeco.com\/fr\/wp-json\/wp\/v2\/product_cat?post=5658"},{"taxonomy":"product_tag","embeddable":true,"href":"https:\/\/www.finsdesiecles-artdeco.com\/fr\/wp-json\/wp\/v2\/product_tag?post=5658"}],"curies":[{"name":"wp","href":"https:\/\/api.w.org\/{rel}","templated":true}]}}