{"id":5844,"date":"2019-12-09T17:04:57","date_gmt":"2019-12-09T17:04:57","guid":{"rendered":"https:\/\/www.finsdesiecles-artdeco.com\/?product=dressoirs"},"modified":"2022-09-24T16:57:58","modified_gmt":"2022-09-24T16:57:58","slug":"enfilade-dans-le-gout-de-maxime-old-france-1940","status":"publish","type":"product","link":"https:\/\/www.finsdesiecles-artdeco.com\/fr\/product\/enfilade-dans-le-gout-de-maxime-old-france-1940\/","title":{"rendered":"Enfilade dans le go\u00fbt de Maxime Old &#8211; France 1940\u00a0"},"content":{"rendered":"<p>Enfilade dans le go\u00fbt de Maxime Old &#8211; France, 1940<\/p>\n<hr \/>\n<p><b>Dimensions<\/b><\/p>\n<ul>\n<li><b>cm:<\/b> 230 x 51 x 95<\/li>\n<li><b>inches:<\/b> 90.55 x 20.08 x 37.4<\/li>\n<\/ul>\n","protected":false},"excerpt":{"rendered":"<p>Spectaculaire enfilade en acajou massif teint\u00e9 et verni au tampon finition satin\u00e9e, portes d\u00e9cor\u00e9es de motifs concentriques en bois et laiton, pi\u00e8tement en laiton massif, baguettes d\u00e9coratives en laiton poli sur le socle et devant le plateau en marbre, portes ext\u00e9rieures ouvrant sur trois \u00e9tag\u00e8res, deux \u00e9tag\u00e8res et deux tiroirs dans la partie centrale. Charni\u00e8res et clefs en laiton poli. Meuble de tr\u00e8s grande qualit\u00e9.<\/p>\n<p>Dans le go\u00fbt de Maxime Old.<\/p>\n<p>France vers 1940.<\/p>\n<p><b>Dimensions<\/b><\/p>\n<ul>\n<li><b>cm:<\/b> 230 x 51 x 95<\/li>\n<li><b>inches:<\/b> 90.55 x 20.08 x 37.4<\/li>\n<\/ul>\n","protected":false},"featured_media":5833,"template":"","meta":{"_editorskit_title_hidden":false,"_editorskit_reading_time":0,"_editorskit_is_block_options_detached":false,"_editorskit_block_options_position":"{}","inline_featured_image":false},"product_brand":[],"product_cat":[415,273],"product_tag":[],"class_list":{"0":"post-5844","1":"product","2":"type-product","3":"status-publish","4":"has-post-thumbnail","6":"product_cat-meubles-de-rangement","7":"product_cat-enfilades","9":"first","10":"instock","11":"purchasable","12":"product-type-simple"},"_links":{"self":[{"href":"https:\/\/www.finsdesiecles-artdeco.com\/fr\/wp-json\/wp\/v2\/product\/5844","targetHints":{"allow":["GET"]}}],"collection":[{"href":"https:\/\/www.finsdesiecles-artdeco.com\/fr\/wp-json\/wp\/v2\/product"}],"about":[{"href":"https:\/\/www.finsdesiecles-artdeco.com\/fr\/wp-json\/wp\/v2\/types\/product"}],"wp:featuredmedia":[{"embeddable":true,"href":"https:\/\/www.finsdesiecles-artdeco.com\/fr\/wp-json\/wp\/v2\/media\/5833"}],"wp:attachment":[{"href":"https:\/\/www.finsdesiecles-artdeco.com\/fr\/wp-json\/wp\/v2\/media?parent=5844"}],"wp:term":[{"taxonomy":"product_brand","embeddable":true,"href":"https:\/\/www.finsdesiecles-artdeco.com\/fr\/wp-json\/wp\/v2\/product_brand?post=5844"},{"taxonomy":"product_cat","embeddable":true,"href":"https:\/\/www.finsdesiecles-artdeco.com\/fr\/wp-json\/wp\/v2\/product_cat?post=5844"},{"taxonomy":"product_tag","embeddable":true,"href":"https:\/\/www.finsdesiecles-artdeco.com\/fr\/wp-json\/wp\/v2\/product_tag?post=5844"}],"curies":[{"name":"wp","href":"https:\/\/api.w.org\/{rel}","templated":true}]}}