{"id":5915,"date":"2019-12-17T16:19:27","date_gmt":"2019-12-17T16:19:27","guid":{"rendered":"https:\/\/www.finsdesiecles-artdeco.com\/?product=objets"},"modified":"2022-09-24T16:28:06","modified_gmt":"2022-09-24T16:28:06","slug":"plat-decoratif-espagne-1960","status":"publish","type":"product","link":"https:\/\/www.finsdesiecles-artdeco.com\/fr\/product\/plat-decoratif-espagne-1960\/","title":{"rendered":"Plat d\u00e9coratif &#8211; Espagne 1960"},"content":{"rendered":"<p>Plat d\u00e9coratif &#8211; Espagne 1960<\/p>\n<hr \/>\n<p><b>Dimensions<\/b><\/p>\n<ul>\n<li><b>cm:<\/b> Diam 37 x 5<\/li>\n<li><b>inches:<\/b> Diam 14.57 x 1.97<\/li>\n<\/ul>\n","protected":false},"excerpt":{"rendered":"<p>Plat d\u00e9coratif en c\u00e9ramique repr\u00e9sentant des visages f\u00e9minins. Signature illisible.<\/p>\n<p>Espagne vers 1960.<\/p>\n<p><b>Dimensions<\/b><\/p>\n<ul>\n<li><b>cm:<\/b> Diam 37 x 5<\/li>\n<li><b>inches:<\/b> Diam 14.57 x 1.97<\/li>\n<\/ul>\n","protected":false},"featured_media":5912,"template":"","meta":{"_editorskit_title_hidden":false,"_editorskit_reading_time":0,"_editorskit_is_block_options_detached":false,"_editorskit_block_options_position":"{}","inline_featured_image":false},"product_brand":[],"product_cat":[267,462],"product_tag":[],"class_list":{"0":"post-5915","1":"product","2":"type-product","3":"status-publish","4":"has-post-thumbnail","6":"product_cat-objets-et-accessoires","7":"product_cat-ceramiques","9":"first","10":"instock","11":"purchasable","12":"product-type-simple"},"_links":{"self":[{"href":"https:\/\/www.finsdesiecles-artdeco.com\/fr\/wp-json\/wp\/v2\/product\/5915","targetHints":{"allow":["GET"]}}],"collection":[{"href":"https:\/\/www.finsdesiecles-artdeco.com\/fr\/wp-json\/wp\/v2\/product"}],"about":[{"href":"https:\/\/www.finsdesiecles-artdeco.com\/fr\/wp-json\/wp\/v2\/types\/product"}],"wp:featuredmedia":[{"embeddable":true,"href":"https:\/\/www.finsdesiecles-artdeco.com\/fr\/wp-json\/wp\/v2\/media\/5912"}],"wp:attachment":[{"href":"https:\/\/www.finsdesiecles-artdeco.com\/fr\/wp-json\/wp\/v2\/media?parent=5915"}],"wp:term":[{"taxonomy":"product_brand","embeddable":true,"href":"https:\/\/www.finsdesiecles-artdeco.com\/fr\/wp-json\/wp\/v2\/product_brand?post=5915"},{"taxonomy":"product_cat","embeddable":true,"href":"https:\/\/www.finsdesiecles-artdeco.com\/fr\/wp-json\/wp\/v2\/product_cat?post=5915"},{"taxonomy":"product_tag","embeddable":true,"href":"https:\/\/www.finsdesiecles-artdeco.com\/fr\/wp-json\/wp\/v2\/product_tag?post=5915"}],"curies":[{"name":"wp","href":"https:\/\/api.w.org\/{rel}","templated":true}]}}