{"id":5980,"date":"2020-01-09T13:37:37","date_gmt":"2020-01-09T13:37:37","guid":{"rendered":"https:\/\/www.finsdesiecles-artdeco.com\/?product=bibliotheques"},"modified":"2022-12-30T12:09:23","modified_gmt":"2022-12-30T12:09:23","slug":"bibliotheques","status":"publish","type":"product","link":"https:\/\/www.finsdesiecles-artdeco.com\/fr\/product\/bibliotheques\/","title":{"rendered":"Paire d&rsquo;\u00e9tag\u00e8res en plexiglas &#8211; Italie 1980"},"content":{"rendered":"<p>Paire d&rsquo;\u00e9tag\u00e8res en plexiglas &#8211; Italie 1980<\/p>\n<hr \/>\n<p><b>Dimensions<\/b><\/p>\n<ul>\n<li><b>cm:<\/b> 80 x 43 x 148<\/li>\n<li><b>inches:<\/b> 31.5 x 16.93 x 58.27<\/li>\n<\/ul>\n","protected":false},"excerpt":{"rendered":"<p>Paire d&rsquo;\u00e9tag\u00e8res \u00e0 base en fonte, montants et tablettes en plexiglas tr\u00e8s \u00e9pais transparent et rouge, croisillons en m\u00e9tal nickel\u00e9 \u00e0 l&rsquo;arri\u00e8re. Tr\u00e8s grande qualit\u00e9.<\/p>\n<p>Italie vers 1980.<\/p>\n<p><b>Dimensions<\/b><\/p>\n<ul>\n<li><b>cm:<\/b> 80 x 43 x 148<\/li>\n<li><b>inches:<\/b> 31.5 x 16.93 x 58.27<\/li>\n<\/ul>\n","protected":false},"featured_media":5973,"template":"","meta":{"_editorskit_title_hidden":false,"_editorskit_reading_time":0,"_editorskit_is_block_options_detached":false,"_editorskit_block_options_position":"{}","inline_featured_image":false},"product_brand":[],"product_cat":[415,444,276,300],"product_tag":[],"class_list":{"0":"post-5980","1":"product","2":"type-product","3":"status-publish","4":"has-post-thumbnail","6":"product_cat-meubles-de-rangement","7":"product_cat-etageres","8":"product_cat-auxiliaires","9":"product_cat-bibliotheques","11":"first","12":"instock","13":"purchasable","14":"product-type-simple"},"_links":{"self":[{"href":"https:\/\/www.finsdesiecles-artdeco.com\/fr\/wp-json\/wp\/v2\/product\/5980","targetHints":{"allow":["GET"]}}],"collection":[{"href":"https:\/\/www.finsdesiecles-artdeco.com\/fr\/wp-json\/wp\/v2\/product"}],"about":[{"href":"https:\/\/www.finsdesiecles-artdeco.com\/fr\/wp-json\/wp\/v2\/types\/product"}],"wp:featuredmedia":[{"embeddable":true,"href":"https:\/\/www.finsdesiecles-artdeco.com\/fr\/wp-json\/wp\/v2\/media\/5973"}],"wp:attachment":[{"href":"https:\/\/www.finsdesiecles-artdeco.com\/fr\/wp-json\/wp\/v2\/media?parent=5980"}],"wp:term":[{"taxonomy":"product_brand","embeddable":true,"href":"https:\/\/www.finsdesiecles-artdeco.com\/fr\/wp-json\/wp\/v2\/product_brand?post=5980"},{"taxonomy":"product_cat","embeddable":true,"href":"https:\/\/www.finsdesiecles-artdeco.com\/fr\/wp-json\/wp\/v2\/product_cat?post=5980"},{"taxonomy":"product_tag","embeddable":true,"href":"https:\/\/www.finsdesiecles-artdeco.com\/fr\/wp-json\/wp\/v2\/product_tag?post=5980"}],"curies":[{"name":"wp","href":"https:\/\/api.w.org\/{rel}","templated":true}]}}