{"id":6048,"date":"2020-01-28T13:15:13","date_gmt":"2020-01-28T13:15:13","guid":{"rendered":"https:\/\/www.finsdesiecles-artdeco.com\/?product=meubles-bar"},"modified":"2026-01-04T12:44:37","modified_gmt":"2026-01-04T12:44:37","slug":"meuble-bar-en-palissandre-italie-1950","status":"publish","type":"product","link":"https:\/\/www.finsdesiecles-artdeco.com\/fr\/product\/meuble-bar-en-palissandre-italie-1950\/","title":{"rendered":"Meuble bar en palissandre &#8211; Italie 1950"},"content":{"rendered":"<p>Meuble bar en palissandre &#8211; Italie 1950<\/p>\n<hr \/>\n<p><b>Dimensions<\/b><\/p>\n<ul>\n<li><b>cm:<\/b> 170 x 44 x 140<\/li>\n<li><b>inches:<\/b> 66.93 x 17.32 x 55.12<\/li>\n<\/ul>\n","protected":false},"excerpt":{"rendered":"<p>Important meuble bar, bois massif plaqu\u00e9 de palissandre, montants en acajou taille \u00ab\u00a0grissinis\u00a0\u00bb et bronze massif, deux portes centrales ouvrant sur les compartiments \u00ab\u00a0bar\u00a0\u00bb \u00e0 syst\u00e8me d&rsquo;illumination, d\u00e9coration des panneaux arri\u00e8re en bois \u00e0 motifs de losanges en relief, patine vert bronze et dor\u00e9e, deux plaques en onyx blanc -beige, verre \u00e9pais sur le dessus. D\u00e9corations, sabots r\u00e9glables, entr\u00e9es de serrure et clefs en laiton poli.<\/p>\n<p>Italie vers 1950.<\/p>\n<h3>R\u00c9SERV\u00c9<\/h3>\n<p><b>Dimensions<\/b><\/p>\n<ul>\n<li><b>cm:<\/b> 170 x 44 x 140<\/li>\n<li><b>inches:<\/b> 66.93 x 17.32 x 55.12<\/li>\n<\/ul>\n","protected":false},"featured_media":6038,"template":"","meta":{"_editorskit_title_hidden":false,"_editorskit_reading_time":0,"_editorskit_is_block_options_detached":false,"_editorskit_block_options_position":"{}","inline_featured_image":false},"product_brand":[],"product_cat":[276,318],"product_tag":[],"class_list":{"0":"post-6048","1":"product","2":"type-product","3":"status-publish","4":"has-post-thumbnail","6":"product_cat-auxiliaires","7":"product_cat-meubles-bar","9":"first","10":"outofstock","11":"product-type-simple"},"_links":{"self":[{"href":"https:\/\/www.finsdesiecles-artdeco.com\/fr\/wp-json\/wp\/v2\/product\/6048","targetHints":{"allow":["GET"]}}],"collection":[{"href":"https:\/\/www.finsdesiecles-artdeco.com\/fr\/wp-json\/wp\/v2\/product"}],"about":[{"href":"https:\/\/www.finsdesiecles-artdeco.com\/fr\/wp-json\/wp\/v2\/types\/product"}],"wp:featuredmedia":[{"embeddable":true,"href":"https:\/\/www.finsdesiecles-artdeco.com\/fr\/wp-json\/wp\/v2\/media\/6038"}],"wp:attachment":[{"href":"https:\/\/www.finsdesiecles-artdeco.com\/fr\/wp-json\/wp\/v2\/media?parent=6048"}],"wp:term":[{"taxonomy":"product_brand","embeddable":true,"href":"https:\/\/www.finsdesiecles-artdeco.com\/fr\/wp-json\/wp\/v2\/product_brand?post=6048"},{"taxonomy":"product_cat","embeddable":true,"href":"https:\/\/www.finsdesiecles-artdeco.com\/fr\/wp-json\/wp\/v2\/product_cat?post=6048"},{"taxonomy":"product_tag","embeddable":true,"href":"https:\/\/www.finsdesiecles-artdeco.com\/fr\/wp-json\/wp\/v2\/product_tag?post=6048"}],"curies":[{"name":"wp","href":"https:\/\/api.w.org\/{rel}","templated":true}]}}