{"id":6158,"date":"2020-02-26T12:46:56","date_gmt":"2020-02-26T12:46:56","guid":{"rendered":"https:\/\/www.finsdesiecles-artdeco.com\/?product=lustres"},"modified":"2023-02-17T16:20:55","modified_gmt":"2023-02-17T16:20:55","slug":"grand-lustre-par-gaetano-sciolari-italie-1960","status":"publish","type":"product","link":"https:\/\/www.finsdesiecles-artdeco.com\/fr\/product\/grand-lustre-par-gaetano-sciolari-italie-1960\/","title":{"rendered":"Grand lustre par Gaetano Sciolari &#8211; Italie 1960"},"content":{"rendered":"<p><strong>Gaetano Sciolari<\/strong> (Italie, 1927-1994)<\/p>\n<p>Apr\u00e8s une premi\u00e8re formation de r\u00e9alisateur, suivie d&rsquo;un dipl\u00f4me d&rsquo;architecture, Gaetano Sciolari (1927-1994) prend la direction de l&rsquo;entreprise familiale \u00e0 Rome, Sciolari Illuminazione, \u00e0 la mort de son p\u00e8re en 1949. La marque se lance dans la commercialisation de lampes en Europe et aux \u00c9tats-Unis. Au cours des ann\u00e9es 1950, Gaetano a commenc\u00e9 \u00e0 concevoir pour la marque de luminaires italienne Stilnovo ses pi\u00e8ces les plus c\u00e9l\u00e8bres : des lustres luxueux, futuristes et multi-lumi\u00e8res qui cr\u00e9ent des effets optiques int\u00e9ressants et combinent des m\u00e9taux brillants et satin\u00e9s tels que le laiton et le m\u00e9tal chrom\u00e9. Ils sont devenus de plus en plus populaires aux \u00c9tats-Unis au cours des ann\u00e9es 1970, une p\u00e9riode dans laquelle le style de Sciolari a pris une esth\u00e9tique inspir\u00e9e de l&rsquo;Art d\u00e9co et de Space Age design. Fondateur et pr\u00e9sident de l&rsquo;association des fabricants italiens de syst\u00e8mes d&rsquo;\u00e9clairage, Sciolari est aujourd&rsquo;hui tr\u00e8s recherch\u00e9 pour ses pi\u00e8ces de collection, parmi lesquelles se distinguent les s\u00e9ries Habitat, Cultura et Futura.<\/p>\n<p>&nbsp;<\/p>\n","protected":false},"excerpt":{"rendered":"<p>Grand lustre \u00e0 trois niveaux de tubes en m\u00e9tal chrom\u00e9 avec boules de verre, huit points de lumi\u00e8re.<\/p>\n<p>Design: Gaetano Sciolari.<\/p>\n<p>Italie vers 1960<\/p>\n<p><b>Dimensions<\/b><\/p>\n<ul>\n<li><b>cm:<\/b> Diam 36 x 99<\/li>\n<li><b>inches:<\/b> Diam 14.17 x 38.98<\/li>\n<\/ul>\n","protected":false},"featured_media":6153,"template":"","meta":{"_editorskit_title_hidden":false,"_editorskit_reading_time":0,"_editorskit_is_block_options_detached":false,"_editorskit_block_options_position":"{}","inline_featured_image":false},"product_brand":[],"product_cat":[264,327],"product_tag":[],"class_list":{"0":"post-6158","1":"product","2":"type-product","3":"status-publish","4":"has-post-thumbnail","6":"product_cat-luminaires","7":"product_cat-lustres","9":"first","10":"instock","11":"purchasable","12":"product-type-simple"},"_links":{"self":[{"href":"https:\/\/www.finsdesiecles-artdeco.com\/fr\/wp-json\/wp\/v2\/product\/6158","targetHints":{"allow":["GET"]}}],"collection":[{"href":"https:\/\/www.finsdesiecles-artdeco.com\/fr\/wp-json\/wp\/v2\/product"}],"about":[{"href":"https:\/\/www.finsdesiecles-artdeco.com\/fr\/wp-json\/wp\/v2\/types\/product"}],"wp:featuredmedia":[{"embeddable":true,"href":"https:\/\/www.finsdesiecles-artdeco.com\/fr\/wp-json\/wp\/v2\/media\/6153"}],"wp:attachment":[{"href":"https:\/\/www.finsdesiecles-artdeco.com\/fr\/wp-json\/wp\/v2\/media?parent=6158"}],"wp:term":[{"taxonomy":"product_brand","embeddable":true,"href":"https:\/\/www.finsdesiecles-artdeco.com\/fr\/wp-json\/wp\/v2\/product_brand?post=6158"},{"taxonomy":"product_cat","embeddable":true,"href":"https:\/\/www.finsdesiecles-artdeco.com\/fr\/wp-json\/wp\/v2\/product_cat?post=6158"},{"taxonomy":"product_tag","embeddable":true,"href":"https:\/\/www.finsdesiecles-artdeco.com\/fr\/wp-json\/wp\/v2\/product_tag?post=6158"}],"curies":[{"name":"wp","href":"https:\/\/api.w.org\/{rel}","templated":true}]}}