{"id":6358,"date":"2020-06-23T16:03:38","date_gmt":"2020-06-23T16:03:38","guid":{"rendered":"https:\/\/www.finsdesiecles-artdeco.com\/?product=gueridons"},"modified":"2022-09-23T11:57:24","modified_gmt":"2022-09-23T11:57:24","slug":"table-dappoint-france-1940","status":"publish","type":"product","link":"https:\/\/www.finsdesiecles-artdeco.com\/fr\/product\/table-dappoint-france-1940\/","title":{"rendered":"Table d&rsquo;appoint &#8211; France 1940"},"content":{"rendered":"<p>Table d&rsquo;appoint &#8211; France 1940<\/p>\n<hr \/>\n<p><b>Dimensions<\/b><\/p>\n<ul>\n<li><b>cm:<\/b> 80 x 47 x 67<\/li>\n<li><b>inches:<\/b> 31.5 x 18.5 x 26.38<\/li>\n<\/ul>\n","protected":false},"excerpt":{"rendered":"<p>Table d&rsquo;appoint en ch\u00eane massif c\u00e9rus\u00e9 et verre.<\/p>\n<p>France vers 1940.<\/p>\n<p><b>Dimensions<\/b><\/p>\n<ul>\n<li><b>cm:<\/b> 80 x 47 x 67<\/li>\n<li><b>inches:<\/b> 31.5 x 18.5 x 26.38<\/li>\n<\/ul>\n","protected":false},"featured_media":6352,"template":"","meta":{"_editorskit_title_hidden":false,"_editorskit_reading_time":0,"_editorskit_is_block_options_detached":false,"_editorskit_block_options_position":"{}","inline_featured_image":false},"product_brand":[],"product_cat":[256,257],"product_tag":[],"class_list":{"0":"post-6358","1":"product","2":"type-product","3":"status-publish","4":"has-post-thumbnail","6":"product_cat-tables","7":"product_cat-gueridons","9":"first","10":"instock","11":"purchasable","12":"product-type-simple"},"_links":{"self":[{"href":"https:\/\/www.finsdesiecles-artdeco.com\/fr\/wp-json\/wp\/v2\/product\/6358","targetHints":{"allow":["GET"]}}],"collection":[{"href":"https:\/\/www.finsdesiecles-artdeco.com\/fr\/wp-json\/wp\/v2\/product"}],"about":[{"href":"https:\/\/www.finsdesiecles-artdeco.com\/fr\/wp-json\/wp\/v2\/types\/product"}],"wp:featuredmedia":[{"embeddable":true,"href":"https:\/\/www.finsdesiecles-artdeco.com\/fr\/wp-json\/wp\/v2\/media\/6352"}],"wp:attachment":[{"href":"https:\/\/www.finsdesiecles-artdeco.com\/fr\/wp-json\/wp\/v2\/media?parent=6358"}],"wp:term":[{"taxonomy":"product_brand","embeddable":true,"href":"https:\/\/www.finsdesiecles-artdeco.com\/fr\/wp-json\/wp\/v2\/product_brand?post=6358"},{"taxonomy":"product_cat","embeddable":true,"href":"https:\/\/www.finsdesiecles-artdeco.com\/fr\/wp-json\/wp\/v2\/product_cat?post=6358"},{"taxonomy":"product_tag","embeddable":true,"href":"https:\/\/www.finsdesiecles-artdeco.com\/fr\/wp-json\/wp\/v2\/product_tag?post=6358"}],"curies":[{"name":"wp","href":"https:\/\/api.w.org\/{rel}","templated":true}]}}