{"id":6368,"date":"2020-07-06T11:40:50","date_gmt":"2020-07-06T11:40:50","guid":{"rendered":"https:\/\/www.finsdesiecles-artdeco.com\/?product=tables-basses"},"modified":"2022-09-23T11:49:33","modified_gmt":"2022-09-23T11:49:33","slug":"table-de-centre-art-deco-barcelone-1930","status":"publish","type":"product","link":"https:\/\/www.finsdesiecles-artdeco.com\/fr\/product\/table-de-centre-art-deco-barcelone-1930\/","title":{"rendered":"Table de centre Art D\u00e9co &#8211; Barcelone 1930"},"content":{"rendered":"<p>Table de centre Art D\u00e9co &#8211; Barcelone 1930<\/p>\n<hr \/>\n<p><b>Dimensions<\/b><\/p>\n<ul>\n<li><b>cm:<\/b> Diam 92 x 57<\/li>\n<li><b>inches:<\/b> Diam 36.22 x 22.44<\/li>\n<\/ul>\n","protected":false},"excerpt":{"rendered":"<p>Grande table de centre Art D\u00e9co \u00e0 deux niveaux en bois massif noir\u00e7i finition rempli-cir\u00e9 et placage de peuplier verni au tampon.<\/p>\n<p>Espagne, Barcelone vers 1930.<\/p>\n<p><b>Dimensions<\/b><\/p>\n<ul>\n<li><b>cm:<\/b> Diam 92 x 57<\/li>\n<li><b>inches:<\/b> Diam 36.22 x 22.44<\/li>\n<\/ul>\n","protected":false},"featured_media":6361,"template":"","meta":{"_editorskit_title_hidden":false,"_editorskit_reading_time":0,"_editorskit_is_block_options_detached":false,"_editorskit_block_options_position":"{}","inline_featured_image":false},"product_brand":[],"product_cat":[256,291],"product_tag":[],"class_list":{"0":"post-6368","1":"product","2":"type-product","3":"status-publish","4":"has-post-thumbnail","6":"product_cat-tables","7":"product_cat-tables-basses","9":"first","10":"instock","11":"purchasable","12":"product-type-simple"},"_links":{"self":[{"href":"https:\/\/www.finsdesiecles-artdeco.com\/fr\/wp-json\/wp\/v2\/product\/6368","targetHints":{"allow":["GET"]}}],"collection":[{"href":"https:\/\/www.finsdesiecles-artdeco.com\/fr\/wp-json\/wp\/v2\/product"}],"about":[{"href":"https:\/\/www.finsdesiecles-artdeco.com\/fr\/wp-json\/wp\/v2\/types\/product"}],"wp:featuredmedia":[{"embeddable":true,"href":"https:\/\/www.finsdesiecles-artdeco.com\/fr\/wp-json\/wp\/v2\/media\/6361"}],"wp:attachment":[{"href":"https:\/\/www.finsdesiecles-artdeco.com\/fr\/wp-json\/wp\/v2\/media?parent=6368"}],"wp:term":[{"taxonomy":"product_brand","embeddable":true,"href":"https:\/\/www.finsdesiecles-artdeco.com\/fr\/wp-json\/wp\/v2\/product_brand?post=6368"},{"taxonomy":"product_cat","embeddable":true,"href":"https:\/\/www.finsdesiecles-artdeco.com\/fr\/wp-json\/wp\/v2\/product_cat?post=6368"},{"taxonomy":"product_tag","embeddable":true,"href":"https:\/\/www.finsdesiecles-artdeco.com\/fr\/wp-json\/wp\/v2\/product_tag?post=6368"}],"curies":[{"name":"wp","href":"https:\/\/api.w.org\/{rel}","templated":true}]}}