{"id":6378,"date":"2020-07-13T11:29:17","date_gmt":"2020-07-13T11:29:17","guid":{"rendered":"https:\/\/www.finsdesiecles-artdeco.com\/?product=gueridons"},"modified":"2022-09-23T11:43:58","modified_gmt":"2022-09-23T11:43:58","slug":"grande-table-de-centre-italie-1930","status":"publish","type":"product","link":"https:\/\/www.finsdesiecles-artdeco.com\/fr\/product\/grande-table-de-centre-italie-1930\/","title":{"rendered":"Grande table de centre &#8211; Italie 1930"},"content":{"rendered":"<p>Grande table de centre &#8211; Italie 1930<\/p>\n<hr \/>\n<p><b>Dimensions<\/b><\/p>\n<ul>\n<li><b>cm:<\/b> Diam 80 x 61<\/li>\n<li><b>inches:<\/b> Diam 31.5 x 24.02<\/li>\n<\/ul>\n","protected":false},"excerpt":{"rendered":"<p>Grande table de centre \u00e0 f\u00fbt central en bois massif plaqu\u00e9 d&rsquo;\u00e9b\u00e8ne de macassar verni au tampon, sur lequel sont viss\u00e9s six tubes chrom\u00e9s servant de pieds et de soutien des deux plateaux en verre \u00e9pais.<\/p>\n<p>Italie vers 1930.<\/p>\n<p><b>Dimensions<\/b><\/p>\n<ul>\n<li><b>cm:<\/b> Diam 80 x 61<\/li>\n<li><b>inches:<\/b> Diam 31.5 x 24.02<\/li>\n<\/ul>\n","protected":false},"featured_media":6371,"template":"","meta":{"_editorskit_title_hidden":false,"_editorskit_reading_time":0,"_editorskit_is_block_options_detached":false,"_editorskit_block_options_position":"{}","inline_featured_image":false},"product_brand":[],"product_cat":[256,257,291],"product_tag":[],"class_list":{"0":"post-6378","1":"product","2":"type-product","3":"status-publish","4":"has-post-thumbnail","6":"product_cat-tables","7":"product_cat-gueridons","8":"product_cat-tables-basses","10":"first","11":"instock","12":"purchasable","13":"product-type-simple"},"_links":{"self":[{"href":"https:\/\/www.finsdesiecles-artdeco.com\/fr\/wp-json\/wp\/v2\/product\/6378","targetHints":{"allow":["GET"]}}],"collection":[{"href":"https:\/\/www.finsdesiecles-artdeco.com\/fr\/wp-json\/wp\/v2\/product"}],"about":[{"href":"https:\/\/www.finsdesiecles-artdeco.com\/fr\/wp-json\/wp\/v2\/types\/product"}],"wp:featuredmedia":[{"embeddable":true,"href":"https:\/\/www.finsdesiecles-artdeco.com\/fr\/wp-json\/wp\/v2\/media\/6371"}],"wp:attachment":[{"href":"https:\/\/www.finsdesiecles-artdeco.com\/fr\/wp-json\/wp\/v2\/media?parent=6378"}],"wp:term":[{"taxonomy":"product_brand","embeddable":true,"href":"https:\/\/www.finsdesiecles-artdeco.com\/fr\/wp-json\/wp\/v2\/product_brand?post=6378"},{"taxonomy":"product_cat","embeddable":true,"href":"https:\/\/www.finsdesiecles-artdeco.com\/fr\/wp-json\/wp\/v2\/product_cat?post=6378"},{"taxonomy":"product_tag","embeddable":true,"href":"https:\/\/www.finsdesiecles-artdeco.com\/fr\/wp-json\/wp\/v2\/product_tag?post=6378"}],"curies":[{"name":"wp","href":"https:\/\/api.w.org\/{rel}","templated":true}]}}