{"id":6394,"date":"2020-07-22T12:50:09","date_gmt":"2020-07-22T12:50:09","guid":{"rendered":"https:\/\/www.finsdesiecles-artdeco.com\/?product=tables-a-jeux"},"modified":"2022-12-22T16:18:39","modified_gmt":"2022-12-22T16:18:39","slug":"table-de-jeux-france-1940","status":"publish","type":"product","link":"https:\/\/www.finsdesiecles-artdeco.com\/fr\/product\/table-de-jeux-france-1940\/","title":{"rendered":"Table de jeux &#8211; France 1940"},"content":{"rendered":"<p>Table de jeux &#8211; France 1940<\/p>\n<p>&nbsp;<\/p>\n<p><b>Dimensions<\/b><\/p>\n<p><b>cm ouverte <\/b>110 x 110 x 73<b> ferm\u00e9e <\/b>110 x 55 x 73<\/p>\n<p><b>inches ouverte<\/b> 43.3 x 43.3 x 28.74\u00a0 <strong>ferm\u00e9e<\/strong>\u00a0 43.31 x 21.65 x 28.74<\/p>\n","protected":false},"excerpt":{"rendered":"<p>Table de jeux \u00e0 pi\u00e8tement en acajou blond massif surmont\u00e9 d&rsquo;un plateau double \u00e0 abattant en parquetterie de placage d&rsquo;acajou blond, verni au tampon. Charnieres en laiton.<\/p>\n<p>France vers 1940.<\/p>\n<p>&nbsp;<\/p>\n<p><b>Dimensions<\/b><\/p>\n<p><b>cm ouverte <\/b>110 x 110 x 73<b> ferm\u00e9e <\/b>110 x 55 x 73<\/p>\n<p><b>inches ouverte<\/b> 43.3 x 43.3 x 28.74\u00a0 <strong>ferm\u00e9e<\/strong>\u00a0 43.31 x 21.65 x 28.74<\/p>\n","protected":false},"featured_media":6381,"template":"","meta":{"_editorskit_title_hidden":false,"_editorskit_reading_time":0,"_editorskit_is_block_options_detached":false,"_editorskit_block_options_position":"{}","inline_featured_image":false},"product_brand":[],"product_cat":[256,336],"product_tag":[],"class_list":{"0":"post-6394","1":"product","2":"type-product","3":"status-publish","4":"has-post-thumbnail","6":"product_cat-tables","7":"product_cat-tables-a-jeux","9":"first","10":"outofstock","11":"product-type-simple"},"_links":{"self":[{"href":"https:\/\/www.finsdesiecles-artdeco.com\/fr\/wp-json\/wp\/v2\/product\/6394","targetHints":{"allow":["GET"]}}],"collection":[{"href":"https:\/\/www.finsdesiecles-artdeco.com\/fr\/wp-json\/wp\/v2\/product"}],"about":[{"href":"https:\/\/www.finsdesiecles-artdeco.com\/fr\/wp-json\/wp\/v2\/types\/product"}],"wp:featuredmedia":[{"embeddable":true,"href":"https:\/\/www.finsdesiecles-artdeco.com\/fr\/wp-json\/wp\/v2\/media\/6381"}],"wp:attachment":[{"href":"https:\/\/www.finsdesiecles-artdeco.com\/fr\/wp-json\/wp\/v2\/media?parent=6394"}],"wp:term":[{"taxonomy":"product_brand","embeddable":true,"href":"https:\/\/www.finsdesiecles-artdeco.com\/fr\/wp-json\/wp\/v2\/product_brand?post=6394"},{"taxonomy":"product_cat","embeddable":true,"href":"https:\/\/www.finsdesiecles-artdeco.com\/fr\/wp-json\/wp\/v2\/product_cat?post=6394"},{"taxonomy":"product_tag","embeddable":true,"href":"https:\/\/www.finsdesiecles-artdeco.com\/fr\/wp-json\/wp\/v2\/product_tag?post=6394"}],"curies":[{"name":"wp","href":"https:\/\/api.w.org\/{rel}","templated":true}]}}