{"id":6442,"date":"2020-08-05T13:57:58","date_gmt":"2020-08-05T13:57:58","guid":{"rendered":"https:\/\/www.finsdesiecles-artdeco.com\/?product=tables-basses"},"modified":"2023-03-02T16:09:39","modified_gmt":"2023-03-02T16:09:39","slug":"table-basse-paolo-buffa-italie-1940","status":"publish","type":"product","link":"https:\/\/www.finsdesiecles-artdeco.com\/fr\/product\/table-basse-paolo-buffa-italie-1940\/","title":{"rendered":"Table basse dans le go\u00fbt de Paolo Buffa &#8211; Italie 1940"},"content":{"rendered":"<p><strong>Paolo Buffa<\/strong> (Milan, Italie, 1903-1970)<\/p>\n<p>Les meubles con\u00e7us par l&rsquo;architecte et designer milanais Paolo Buffa sont pour la plupart uniques, bas\u00e9s sur les besoins de ses clients et, pour cette raison, toujours diff\u00e9rents. Ce qui unit ses pi\u00e8ces, outre la perfection de l&rsquo;ex\u00e9cution, c&rsquo;est le style n\u00e9oclassique que Buffa a absorb\u00e9 lors de sa formation \u00e0 l&rsquo;atelier de Gio Ponti dans les ann\u00e9es 20\u00a0: les lignes solides et \u00e9l\u00e9gantes que Buffa applique \u00e0 son mobilier maintiennent une sorte de continuit\u00e9 entre le XIXe et du XXe si\u00e8cle et caract\u00e9risent toute sa production. L&#8217;emploi de bois pr\u00e9cieux, souvent d\u00e9cor\u00e9s de fines rainures sur les surfaces et d&rsquo;ornements en laiton, est une autre caract\u00e9ristique reconnaissable de ses pi\u00e8ces. Sa collaboration la plus fr\u00e9quente fut avec l&rsquo;usine historique de meubles milanais Quarti, avec laquelle il con\u00e7ut divers projets publics et priv\u00e9s pour des clients prestigieux, comme le d\u00e9cor du yacht Mahroussa du roi Faruk d&rsquo;\u00c9gypte en 1951. Dans les ann\u00e9es 1960, le designer collabora avec le grand fabricant italien Cassina.<\/p>\n<p>&nbsp;<\/p>\n","protected":false},"excerpt":{"rendered":"<p>Table basse ronde en cerisier massif et placage de cerisier teint\u00e9 et verni au tampon.<\/p>\n<p>Dans le go\u00fbt de Paolo Buffa.<\/p>\n<p>Italie vers 1940<\/p>\n<p><b>Dimensions<\/b><\/p>\n<ul>\n<li><b>cm:<\/b> Diam 80 x 43<\/li>\n<li><b>inches:<\/b> Diam 31.5 x 16.93<\/li>\n<\/ul>\n","protected":false},"featured_media":6436,"template":"","meta":{"_editorskit_title_hidden":false,"_editorskit_reading_time":0,"_editorskit_is_block_options_detached":false,"_editorskit_block_options_position":"{}","inline_featured_image":false},"product_brand":[],"product_cat":[256,291],"product_tag":[],"class_list":{"0":"post-6442","1":"product","2":"type-product","3":"status-publish","4":"has-post-thumbnail","6":"product_cat-tables","7":"product_cat-tables-basses","9":"first","10":"outofstock","11":"product-type-simple"},"_links":{"self":[{"href":"https:\/\/www.finsdesiecles-artdeco.com\/fr\/wp-json\/wp\/v2\/product\/6442","targetHints":{"allow":["GET"]}}],"collection":[{"href":"https:\/\/www.finsdesiecles-artdeco.com\/fr\/wp-json\/wp\/v2\/product"}],"about":[{"href":"https:\/\/www.finsdesiecles-artdeco.com\/fr\/wp-json\/wp\/v2\/types\/product"}],"wp:featuredmedia":[{"embeddable":true,"href":"https:\/\/www.finsdesiecles-artdeco.com\/fr\/wp-json\/wp\/v2\/media\/6436"}],"wp:attachment":[{"href":"https:\/\/www.finsdesiecles-artdeco.com\/fr\/wp-json\/wp\/v2\/media?parent=6442"}],"wp:term":[{"taxonomy":"product_brand","embeddable":true,"href":"https:\/\/www.finsdesiecles-artdeco.com\/fr\/wp-json\/wp\/v2\/product_brand?post=6442"},{"taxonomy":"product_cat","embeddable":true,"href":"https:\/\/www.finsdesiecles-artdeco.com\/fr\/wp-json\/wp\/v2\/product_cat?post=6442"},{"taxonomy":"product_tag","embeddable":true,"href":"https:\/\/www.finsdesiecles-artdeco.com\/fr\/wp-json\/wp\/v2\/product_tag?post=6442"}],"curies":[{"name":"wp","href":"https:\/\/api.w.org\/{rel}","templated":true}]}}