{"id":6458,"date":"2020-08-05T16:29:05","date_gmt":"2020-08-05T16:29:05","guid":{"rendered":"https:\/\/www.finsdesiecles-artdeco.com\/?product=tables-de-jeux"},"modified":"2024-08-28T16:28:34","modified_gmt":"2024-08-28T16:28:34","slug":"table-de-jeux-art-deco-france-1930","status":"publish","type":"product","link":"https:\/\/www.finsdesiecles-artdeco.com\/fr\/product\/table-de-jeux-art-deco-france-1930\/","title":{"rendered":"Table de jeux Art D\u00e9co &#8211; France 1930"},"content":{"rendered":"<p>Table de jeux Art D\u00e9co &#8211; France 1930<\/p>\n<hr \/>\n<p><b>Dimensions<\/b><\/p>\n<p><strong>Table ferm\u00e9e<\/strong><\/p>\n<p>cm 80 x 80 x 76<\/p>\n<p>inches 31.50 x 31.50 x 29.92<\/p>\n<p><strong>Table ouverte<\/strong><\/p>\n<p>cm 113 x 113 x 74<\/p>\n<p>inches 44.49 x 44.49 x 29.13<\/p>\n","protected":false},"excerpt":{"rendered":"<p>Table de jeux Art D\u00e9co \u00e0 b\u00e2ti de ch\u00eane plaqu\u00e9 d&rsquo;\u00e9b\u00e8ne de Macassar formant un motif g\u00e9om\u00e8trique s&rsquo;ouvrant en quatre parties triangulaires, tapis de jeux en cuir. Sabots et charni\u00e8res en laiton massif nickel\u00e9.<\/p>\n<p>France vers 1930.<\/p>\n<p><b>Dimensions<\/b><\/p>\n<p><strong>Table ferm\u00e9e<\/strong><\/p>\n<p>cm 80 x 80 x 76<\/p>\n<p>inches 31.50 x 31.50 x 29.92<\/p>\n<p><strong>Table ouverte<\/strong><\/p>\n<p>cm 113 x 113 x 74<\/p>\n<p>inches 44.49 x 44.49 x 29.13<\/p>\n","protected":false},"featured_media":6445,"template":"","meta":{"_editorskit_title_hidden":false,"_editorskit_reading_time":0,"_editorskit_is_block_options_detached":false,"_editorskit_block_options_position":"{}","inline_featured_image":false},"product_brand":[],"product_cat":[256,336],"product_tag":[],"class_list":{"0":"post-6458","1":"product","2":"type-product","3":"status-publish","4":"has-post-thumbnail","6":"product_cat-tables","7":"product_cat-tables-a-jeux","9":"first","10":"instock","11":"purchasable","12":"product-type-simple"},"_links":{"self":[{"href":"https:\/\/www.finsdesiecles-artdeco.com\/fr\/wp-json\/wp\/v2\/product\/6458","targetHints":{"allow":["GET"]}}],"collection":[{"href":"https:\/\/www.finsdesiecles-artdeco.com\/fr\/wp-json\/wp\/v2\/product"}],"about":[{"href":"https:\/\/www.finsdesiecles-artdeco.com\/fr\/wp-json\/wp\/v2\/types\/product"}],"wp:featuredmedia":[{"embeddable":true,"href":"https:\/\/www.finsdesiecles-artdeco.com\/fr\/wp-json\/wp\/v2\/media\/6445"}],"wp:attachment":[{"href":"https:\/\/www.finsdesiecles-artdeco.com\/fr\/wp-json\/wp\/v2\/media?parent=6458"}],"wp:term":[{"taxonomy":"product_brand","embeddable":true,"href":"https:\/\/www.finsdesiecles-artdeco.com\/fr\/wp-json\/wp\/v2\/product_brand?post=6458"},{"taxonomy":"product_cat","embeddable":true,"href":"https:\/\/www.finsdesiecles-artdeco.com\/fr\/wp-json\/wp\/v2\/product_cat?post=6458"},{"taxonomy":"product_tag","embeddable":true,"href":"https:\/\/www.finsdesiecles-artdeco.com\/fr\/wp-json\/wp\/v2\/product_tag?post=6458"}],"curies":[{"name":"wp","href":"https:\/\/api.w.org\/{rel}","templated":true}]}}