{"id":6633,"date":"2020-11-15T16:05:58","date_gmt":"2020-11-15T16:05:58","guid":{"rendered":"https:\/\/www.finsdesiecles-artdeco.com\/?product=meubles-bar"},"modified":"2022-09-21T09:38:57","modified_gmt":"2022-09-21T09:38:57","slug":"meuble-bar-cubiste-art-deco-barcelone-1930","status":"publish","type":"product","link":"https:\/\/www.finsdesiecles-artdeco.com\/fr\/product\/meuble-bar-cubiste-art-deco-barcelone-1930\/","title":{"rendered":"Meuble bar cubiste Art D\u00e9co &#8211; Barcelone 1930"},"content":{"rendered":"<p>Meuble bar cubiste Art D\u00e9co &#8211; Barcelone 1930<\/p>\n<hr \/>\n<p><b>Dimensions<\/b><\/p>\n<ul>\n<li><b>cm:<\/b> 80 x 39 \/ 3 poign\u00e9es x 72<\/li>\n<li><b>inches:<\/b> 31.5 x 15.35 \/ 1.18 poign\u00e9es x 28.35<\/li>\n<\/ul>\n","protected":false},"excerpt":{"rendered":"<p>Meuble bar cubiste Art D\u00e9co en bois massif plaqu\u00e9 de noyer verni au tampon, un abattant surmontant le tiroir ouvrant sur deux compartiments illumin\u00e9s, \u00e9tag\u00e8res en verre sabl\u00e9, poign\u00e9es et quincaillerie en laiton nickel\u00e9. Roulettes originales.<\/p>\n<p>Espagne, Barcelone vers 1930<\/p>\n<p>&nbsp;<\/p>\n<p>Abattant ouvert: + 46 cm<\/p>\n<p><b>Dimensions<\/b><\/p>\n<ul>\n<li><b>cm:<\/b> 80 x 39 \/ 3 poign\u00e9es x 72<\/li>\n<li><b>inches:<\/b> 31.5 x 15.35 \/ 1.18 poign\u00e9es x 28.35<\/li>\n<\/ul>\n","protected":false},"featured_media":6621,"template":"","meta":{"_editorskit_title_hidden":false,"_editorskit_reading_time":0,"_editorskit_is_block_options_detached":false,"_editorskit_block_options_position":"{}","inline_featured_image":false},"product_brand":[],"product_cat":[276,318],"product_tag":[],"class_list":{"0":"post-6633","1":"product","2":"type-product","3":"status-publish","4":"has-post-thumbnail","6":"product_cat-auxiliaires","7":"product_cat-meubles-bar","9":"first","10":"instock","11":"purchasable","12":"product-type-simple"},"_links":{"self":[{"href":"https:\/\/www.finsdesiecles-artdeco.com\/fr\/wp-json\/wp\/v2\/product\/6633","targetHints":{"allow":["GET"]}}],"collection":[{"href":"https:\/\/www.finsdesiecles-artdeco.com\/fr\/wp-json\/wp\/v2\/product"}],"about":[{"href":"https:\/\/www.finsdesiecles-artdeco.com\/fr\/wp-json\/wp\/v2\/types\/product"}],"wp:featuredmedia":[{"embeddable":true,"href":"https:\/\/www.finsdesiecles-artdeco.com\/fr\/wp-json\/wp\/v2\/media\/6621"}],"wp:attachment":[{"href":"https:\/\/www.finsdesiecles-artdeco.com\/fr\/wp-json\/wp\/v2\/media?parent=6633"}],"wp:term":[{"taxonomy":"product_brand","embeddable":true,"href":"https:\/\/www.finsdesiecles-artdeco.com\/fr\/wp-json\/wp\/v2\/product_brand?post=6633"},{"taxonomy":"product_cat","embeddable":true,"href":"https:\/\/www.finsdesiecles-artdeco.com\/fr\/wp-json\/wp\/v2\/product_cat?post=6633"},{"taxonomy":"product_tag","embeddable":true,"href":"https:\/\/www.finsdesiecles-artdeco.com\/fr\/wp-json\/wp\/v2\/product_tag?post=6633"}],"curies":[{"name":"wp","href":"https:\/\/api.w.org\/{rel}","templated":true}]}}