{"id":6780,"date":"2020-12-16T16:15:07","date_gmt":"2020-12-16T16:15:07","guid":{"rendered":"https:\/\/www.finsdesiecles-artdeco.com\/?product=lustres"},"modified":"2022-09-20T10:37:26","modified_gmt":"2022-09-20T10:37:26","slug":"lustre-a-10-branches-espagne-1950","status":"publish","type":"product","link":"https:\/\/www.finsdesiecles-artdeco.com\/fr\/product\/lustre-a-10-branches-espagne-1950\/","title":{"rendered":"Lustre \u00e0 10 branches &#8211; Espagne 1950"},"content":{"rendered":"<p>Lustre \u00e0 10 branches &#8211; Espagne 1950<\/p>\n<hr \/>\n<p><b>Dimensions<\/b><\/p>\n<ul>\n<li><b>cm:<\/b> Diam 70 x 78<\/li>\n<li><b>inches:<\/b> Diam 27.56 x 30.71<\/li>\n<\/ul>\n","protected":false},"excerpt":{"rendered":"<p>Lustre \u00e0 10 branches en bronze dor\u00e9, d\u00e9coration de feuilles et petites boules rouges en faux corail, coupelles en verre travaill\u00e9 \u00e1 l&rsquo;acide et surlign\u00e9es d&rsquo;une ligne dor\u00e9e. Fausse bougies originales.<\/p>\n<p>Espagne vers 1950.<\/p>\n<p><b>Dimensions<\/b><\/p>\n<ul>\n<li><b>cm:<\/b> Diam 70 x 78<\/li>\n<li><b>inches:<\/b> Diam 27.56 x 30.71<\/li>\n<\/ul>\n","protected":false},"featured_media":6772,"template":"","meta":{"_editorskit_title_hidden":false,"_editorskit_reading_time":0,"_editorskit_is_block_options_detached":false,"_editorskit_block_options_position":"{}","inline_featured_image":false},"product_brand":[],"product_cat":[264,327],"product_tag":[],"class_list":{"0":"post-6780","1":"product","2":"type-product","3":"status-publish","4":"has-post-thumbnail","6":"product_cat-luminaires","7":"product_cat-lustres","9":"first","10":"instock","11":"purchasable","12":"product-type-simple"},"_links":{"self":[{"href":"https:\/\/www.finsdesiecles-artdeco.com\/fr\/wp-json\/wp\/v2\/product\/6780","targetHints":{"allow":["GET"]}}],"collection":[{"href":"https:\/\/www.finsdesiecles-artdeco.com\/fr\/wp-json\/wp\/v2\/product"}],"about":[{"href":"https:\/\/www.finsdesiecles-artdeco.com\/fr\/wp-json\/wp\/v2\/types\/product"}],"wp:featuredmedia":[{"embeddable":true,"href":"https:\/\/www.finsdesiecles-artdeco.com\/fr\/wp-json\/wp\/v2\/media\/6772"}],"wp:attachment":[{"href":"https:\/\/www.finsdesiecles-artdeco.com\/fr\/wp-json\/wp\/v2\/media?parent=6780"}],"wp:term":[{"taxonomy":"product_brand","embeddable":true,"href":"https:\/\/www.finsdesiecles-artdeco.com\/fr\/wp-json\/wp\/v2\/product_brand?post=6780"},{"taxonomy":"product_cat","embeddable":true,"href":"https:\/\/www.finsdesiecles-artdeco.com\/fr\/wp-json\/wp\/v2\/product_cat?post=6780"},{"taxonomy":"product_tag","embeddable":true,"href":"https:\/\/www.finsdesiecles-artdeco.com\/fr\/wp-json\/wp\/v2\/product_tag?post=6780"}],"curies":[{"name":"wp","href":"https:\/\/api.w.org\/{rel}","templated":true}]}}