{"id":6801,"date":"2020-12-19T16:16:14","date_gmt":"2020-12-19T16:16:14","guid":{"rendered":"https:\/\/www.finsdesiecles-artdeco.com\/?product=commodes"},"modified":"2022-09-20T10:03:39","modified_gmt":"2022-09-20T10:03:39","slug":"grande-commode-italie-1945","status":"publish","type":"product","link":"https:\/\/www.finsdesiecles-artdeco.com\/fr\/product\/grande-commode-italie-1945\/","title":{"rendered":"Grande commode &#8211; Italie 1945"},"content":{"rendered":"<p>Grande commode &#8211; Italie 1945<\/p>\n<hr \/>\n<p><b>Dimensions<\/b><\/p>\n<ul>\n<li><b>cm:<\/b> 170 x 52 avec tiroirs x 89<\/li>\n<li><b>inches:<\/b> 66.93 x 20.47 avec tiroirs x 35.04<\/li>\n<\/ul>\n","protected":false},"excerpt":{"rendered":"<p>Grande commode \u00e0 six tiroirs en bois massif plaqu\u00e9 de Zebrano, pieds en acajou massif; poign\u00e9es, sabots et quincaillerie en laiton poli. Verni au tampon.<\/p>\n<p>Italie vers 1945<\/p>\n<p><b>Dimensions<\/b><\/p>\n<ul>\n<li><b>cm:<\/b> 170 x 52 avec tiroirs x 89<\/li>\n<li><b>inches:<\/b> 66.93 x 20.47 avec tiroirs x 35.04<\/li>\n<\/ul>\n","protected":false},"featured_media":6791,"template":"","meta":{"_editorskit_title_hidden":false,"_editorskit_reading_time":0,"_editorskit_is_block_options_detached":false,"_editorskit_block_options_position":"{}","inline_featured_image":false},"product_brand":[],"product_cat":[415,306],"product_tag":[],"class_list":{"0":"post-6801","1":"product","2":"type-product","3":"status-publish","4":"has-post-thumbnail","6":"product_cat-meubles-de-rangement","7":"product_cat-commodes","9":"first","10":"instock","11":"purchasable","12":"product-type-simple"},"_links":{"self":[{"href":"https:\/\/www.finsdesiecles-artdeco.com\/fr\/wp-json\/wp\/v2\/product\/6801","targetHints":{"allow":["GET"]}}],"collection":[{"href":"https:\/\/www.finsdesiecles-artdeco.com\/fr\/wp-json\/wp\/v2\/product"}],"about":[{"href":"https:\/\/www.finsdesiecles-artdeco.com\/fr\/wp-json\/wp\/v2\/types\/product"}],"wp:featuredmedia":[{"embeddable":true,"href":"https:\/\/www.finsdesiecles-artdeco.com\/fr\/wp-json\/wp\/v2\/media\/6791"}],"wp:attachment":[{"href":"https:\/\/www.finsdesiecles-artdeco.com\/fr\/wp-json\/wp\/v2\/media?parent=6801"}],"wp:term":[{"taxonomy":"product_brand","embeddable":true,"href":"https:\/\/www.finsdesiecles-artdeco.com\/fr\/wp-json\/wp\/v2\/product_brand?post=6801"},{"taxonomy":"product_cat","embeddable":true,"href":"https:\/\/www.finsdesiecles-artdeco.com\/fr\/wp-json\/wp\/v2\/product_cat?post=6801"},{"taxonomy":"product_tag","embeddable":true,"href":"https:\/\/www.finsdesiecles-artdeco.com\/fr\/wp-json\/wp\/v2\/product_tag?post=6801"}],"curies":[{"name":"wp","href":"https:\/\/api.w.org\/{rel}","templated":true}]}}