{"id":6942,"date":"2021-02-17T16:45:10","date_gmt":"2021-02-17T16:45:10","guid":{"rendered":"https:\/\/www.finsdesiecles-artdeco.com\/?product=lampadaires"},"modified":"2022-09-19T11:48:49","modified_gmt":"2022-09-19T11:48:49","slug":"lampadaire-par-metalarte-espagne-1960","status":"publish","type":"product","link":"https:\/\/www.finsdesiecles-artdeco.com\/fr\/product\/lampadaire-par-metalarte-espagne-1960\/","title":{"rendered":"Lampadaire par Metalarte &#8211; Espagne 1960"},"content":{"rendered":"<p>Lampadaire par Metalarte &#8211; Espagne 1960<\/p>\n<hr \/>\n<p><b>Dimensions<\/b><\/p>\n<ul>\n<li><b>cm:<\/b> Diam 51 x 173<\/li>\n<li><b>inches:<\/b> Diam 20.08 x 68.11<\/li>\n<\/ul>\n","protected":false},"excerpt":{"rendered":"<p>Lampadaire en acajou massif verni au tampon et laiton massif poli, trois points de lumi\u00e8re, abat-jour refait \u00e0 l&rsquo; identique en toile beige. Tr\u00e8s bonne qualit\u00e9.<\/p>\n<p>Produit par Metalarte.<\/p>\n<p>Espagne vers 1960<\/p>\n<p><b>Dimensions<\/b><\/p>\n<ul>\n<li><b>cm:<\/b> Diam 51 x 173<\/li>\n<li><b>inches:<\/b> Diam 20.08 x 68.11<\/li>\n<\/ul>\n","protected":false},"featured_media":6932,"template":"","meta":{"_editorskit_title_hidden":false,"_editorskit_reading_time":0,"_editorskit_is_block_options_detached":false,"_editorskit_block_options_position":"{}","inline_featured_image":false},"product_brand":[],"product_cat":[264,330],"product_tag":[],"class_list":{"0":"post-6942","1":"product","2":"type-product","3":"status-publish","4":"has-post-thumbnail","6":"product_cat-luminaires","7":"product_cat-lampadaires","9":"first","10":"instock","11":"purchasable","12":"product-type-simple"},"_links":{"self":[{"href":"https:\/\/www.finsdesiecles-artdeco.com\/fr\/wp-json\/wp\/v2\/product\/6942","targetHints":{"allow":["GET"]}}],"collection":[{"href":"https:\/\/www.finsdesiecles-artdeco.com\/fr\/wp-json\/wp\/v2\/product"}],"about":[{"href":"https:\/\/www.finsdesiecles-artdeco.com\/fr\/wp-json\/wp\/v2\/types\/product"}],"wp:featuredmedia":[{"embeddable":true,"href":"https:\/\/www.finsdesiecles-artdeco.com\/fr\/wp-json\/wp\/v2\/media\/6932"}],"wp:attachment":[{"href":"https:\/\/www.finsdesiecles-artdeco.com\/fr\/wp-json\/wp\/v2\/media?parent=6942"}],"wp:term":[{"taxonomy":"product_brand","embeddable":true,"href":"https:\/\/www.finsdesiecles-artdeco.com\/fr\/wp-json\/wp\/v2\/product_brand?post=6942"},{"taxonomy":"product_cat","embeddable":true,"href":"https:\/\/www.finsdesiecles-artdeco.com\/fr\/wp-json\/wp\/v2\/product_cat?post=6942"},{"taxonomy":"product_tag","embeddable":true,"href":"https:\/\/www.finsdesiecles-artdeco.com\/fr\/wp-json\/wp\/v2\/product_tag?post=6942"}],"curies":[{"name":"wp","href":"https:\/\/api.w.org\/{rel}","templated":true}]}}