{"id":6954,"date":"2021-02-17T17:09:44","date_gmt":"2021-02-17T17:09:44","guid":{"rendered":"https:\/\/www.finsdesiecles-artdeco.com\/?product=commodes"},"modified":"2022-09-19T11:42:20","modified_gmt":"2022-09-19T11:42:20","slug":"semainier-espagne-1940","status":"publish","type":"product","link":"https:\/\/www.finsdesiecles-artdeco.com\/fr\/product\/semainier-espagne-1940\/","title":{"rendered":"Semainier &#8211; Espagne 1940"},"content":{"rendered":"<p>Semainier &#8211; Espagne 1940<\/p>\n<hr \/>\n<p><b>Dimensions<\/b><\/p>\n<ul>\n<li><b>cm:<\/b> 71 x 43 x 136<\/li>\n<li><b>inches:<\/b> 27.95 x 16.93 x 53.54<\/li>\n<\/ul>\n","protected":false},"excerpt":{"rendered":"<p>Semainier \u00e0 structure en pin plaqu\u00e9 d&rsquo;acajou reposant sur un pi\u00e8tement en acajou massif, tiroirs plaqu\u00e9s de ch\u00eane c\u00e9rus\u00e9, filets d\u00e9coratifs dor\u00e9s, poign\u00e9es en laiton massif poli. Vernis au tampon.<\/p>\n<p>Espagne vers 1940.<\/p>\n<p><b>Dimensions<\/b><\/p>\n<ul>\n<li><b>cm:<\/b> 71 x 43 x 136<\/li>\n<li><b>inches:<\/b> 27.95 x 16.93 x 53.54<\/li>\n<\/ul>\n","protected":false},"featured_media":6945,"template":"","meta":{"_editorskit_title_hidden":false,"_editorskit_reading_time":0,"_editorskit_is_block_options_detached":false,"_editorskit_block_options_position":"{}","inline_featured_image":false},"product_brand":[],"product_cat":[415,306],"product_tag":[],"class_list":{"0":"post-6954","1":"product","2":"type-product","3":"status-publish","4":"has-post-thumbnail","6":"product_cat-meubles-de-rangement","7":"product_cat-commodes","9":"first","10":"outofstock","11":"product-type-simple"},"_links":{"self":[{"href":"https:\/\/www.finsdesiecles-artdeco.com\/fr\/wp-json\/wp\/v2\/product\/6954","targetHints":{"allow":["GET"]}}],"collection":[{"href":"https:\/\/www.finsdesiecles-artdeco.com\/fr\/wp-json\/wp\/v2\/product"}],"about":[{"href":"https:\/\/www.finsdesiecles-artdeco.com\/fr\/wp-json\/wp\/v2\/types\/product"}],"wp:featuredmedia":[{"embeddable":true,"href":"https:\/\/www.finsdesiecles-artdeco.com\/fr\/wp-json\/wp\/v2\/media\/6945"}],"wp:attachment":[{"href":"https:\/\/www.finsdesiecles-artdeco.com\/fr\/wp-json\/wp\/v2\/media?parent=6954"}],"wp:term":[{"taxonomy":"product_brand","embeddable":true,"href":"https:\/\/www.finsdesiecles-artdeco.com\/fr\/wp-json\/wp\/v2\/product_brand?post=6954"},{"taxonomy":"product_cat","embeddable":true,"href":"https:\/\/www.finsdesiecles-artdeco.com\/fr\/wp-json\/wp\/v2\/product_cat?post=6954"},{"taxonomy":"product_tag","embeddable":true,"href":"https:\/\/www.finsdesiecles-artdeco.com\/fr\/wp-json\/wp\/v2\/product_tag?post=6954"}],"curies":[{"name":"wp","href":"https:\/\/api.w.org\/{rel}","templated":true}]}}