{"id":6999,"date":"2021-02-21T16:12:46","date_gmt":"2021-02-21T16:12:46","guid":{"rendered":"https:\/\/www.finsdesiecles-artdeco.com\/?product=sculptures"},"modified":"2023-07-20T08:49:01","modified_gmt":"2023-07-20T08:49:01","slug":"tete-de-faune-art-deco-france-1930","status":"publish","type":"product","link":"https:\/\/www.finsdesiecles-artdeco.com\/fr\/product\/tete-de-faune-art-deco-france-1930\/","title":{"rendered":"T\u00eate de faune Art D\u00e9co &#8211; France 1930"},"content":{"rendered":"<p>T\u00eate de faune Art D\u00e9co &#8211; France 1930<\/p>\n<hr \/>\n<p><b>Dimensions<\/b><\/p>\n<ul>\n<li><b>cm:<\/b> 15 x 19 x 32<\/li>\n<li><b>inches:<\/b> 5.91 x 7.48 x 12.6<\/li>\n<\/ul>\n","protected":false},"excerpt":{"rendered":"<p>T\u00eate de faune stylis\u00e9e Art D\u00e9co en terre cuite sur socle en marbre, tr\u00e8s belle facture.<\/p>\n<p>Signature en creux:\u00a0 Le Verrier.<\/p>\n<p>France vers 1930<\/p>\n<p><b>Dimensions<\/b><\/p>\n<ul>\n<li><b>cm:<\/b> 15 x 19 x 32<\/li>\n<li><b>inches:<\/b> 5.91 x 7.48 x 12.6<\/li>\n<\/ul>\n","protected":false},"featured_media":6987,"template":"","meta":{"_editorskit_title_hidden":false,"_editorskit_reading_time":0,"_editorskit_is_block_options_detached":false,"_editorskit_block_options_position":"{}","inline_featured_image":false},"product_brand":[],"product_cat":[267,464],"product_tag":[],"class_list":{"0":"post-6999","1":"product","2":"type-product","3":"status-publish","4":"has-post-thumbnail","6":"product_cat-objets-et-accessoires","7":"product_cat-objets-decoratifs","9":"first","10":"instock","11":"purchasable","12":"product-type-simple"},"_links":{"self":[{"href":"https:\/\/www.finsdesiecles-artdeco.com\/fr\/wp-json\/wp\/v2\/product\/6999","targetHints":{"allow":["GET"]}}],"collection":[{"href":"https:\/\/www.finsdesiecles-artdeco.com\/fr\/wp-json\/wp\/v2\/product"}],"about":[{"href":"https:\/\/www.finsdesiecles-artdeco.com\/fr\/wp-json\/wp\/v2\/types\/product"}],"wp:featuredmedia":[{"embeddable":true,"href":"https:\/\/www.finsdesiecles-artdeco.com\/fr\/wp-json\/wp\/v2\/media\/6987"}],"wp:attachment":[{"href":"https:\/\/www.finsdesiecles-artdeco.com\/fr\/wp-json\/wp\/v2\/media?parent=6999"}],"wp:term":[{"taxonomy":"product_brand","embeddable":true,"href":"https:\/\/www.finsdesiecles-artdeco.com\/fr\/wp-json\/wp\/v2\/product_brand?post=6999"},{"taxonomy":"product_cat","embeddable":true,"href":"https:\/\/www.finsdesiecles-artdeco.com\/fr\/wp-json\/wp\/v2\/product_cat?post=6999"},{"taxonomy":"product_tag","embeddable":true,"href":"https:\/\/www.finsdesiecles-artdeco.com\/fr\/wp-json\/wp\/v2\/product_tag?post=6999"}],"curies":[{"name":"wp","href":"https:\/\/api.w.org\/{rel}","templated":true}]}}