{"id":7086,"date":"2021-03-29T15:42:00","date_gmt":"2021-03-29T15:42:00","guid":{"rendered":"https:\/\/www.finsdesiecles-artdeco.com\/?product=etageres"},"modified":"2022-08-18T10:12:35","modified_gmt":"2022-08-18T10:12:35","slug":"meuble-de-centre-etagere-france-1920","status":"publish","type":"product","link":"https:\/\/www.finsdesiecles-artdeco.com\/fr\/product\/meuble-de-centre-etagere-france-1920\/","title":{"rendered":"Meuble de centre-\u00e9tag\u00e8re &#8211; France 1920"},"content":{"rendered":"<p>Meuble de centre-\u00e9tag\u00e8re &#8211; France 1920<\/p>\n<hr \/>\n<p><b>Dimensions<\/b><\/p>\n<ul>\n<li><b>cm:<\/b> 94 x 49 x 92<\/li>\n<li><b>inches:<\/b> 37.01 x 19.29 x 36.22<\/li>\n<\/ul>\n","protected":false},"excerpt":{"rendered":"<p>Meuble de centre-\u00e9tag\u00e8re en fer forg\u00e9 et plaques de m\u00e9tal travaill\u00e9 \u00e0 la pointe \u00e0 trois niveaux, un tiroir en fa\u00e7ade, trois plaques de verres sabl\u00e9s, poign\u00e9es en laiton massif.<\/p>\n<p>France vers 1920<\/p>\n<p><b>Dimensions<\/b><\/p>\n<ul>\n<li><b>cm:<\/b> 94 x 49 x 92<\/li>\n<li><b>inches:<\/b> 37.01 x 19.29 x 36.22<\/li>\n<\/ul>\n","protected":false},"featured_media":7075,"template":"","meta":{"_editorskit_title_hidden":false,"_editorskit_reading_time":0,"_editorskit_is_block_options_detached":false,"_editorskit_block_options_position":"{}","inline_featured_image":false},"product_brand":[],"product_cat":[276,444],"product_tag":[],"class_list":{"0":"post-7086","1":"product","2":"type-product","3":"status-publish","4":"has-post-thumbnail","6":"product_cat-auxiliaires","7":"product_cat-etageres","9":"first","10":"instock","11":"purchasable","12":"product-type-simple"},"_links":{"self":[{"href":"https:\/\/www.finsdesiecles-artdeco.com\/fr\/wp-json\/wp\/v2\/product\/7086","targetHints":{"allow":["GET"]}}],"collection":[{"href":"https:\/\/www.finsdesiecles-artdeco.com\/fr\/wp-json\/wp\/v2\/product"}],"about":[{"href":"https:\/\/www.finsdesiecles-artdeco.com\/fr\/wp-json\/wp\/v2\/types\/product"}],"wp:featuredmedia":[{"embeddable":true,"href":"https:\/\/www.finsdesiecles-artdeco.com\/fr\/wp-json\/wp\/v2\/media\/7075"}],"wp:attachment":[{"href":"https:\/\/www.finsdesiecles-artdeco.com\/fr\/wp-json\/wp\/v2\/media?parent=7086"}],"wp:term":[{"taxonomy":"product_brand","embeddable":true,"href":"https:\/\/www.finsdesiecles-artdeco.com\/fr\/wp-json\/wp\/v2\/product_brand?post=7086"},{"taxonomy":"product_cat","embeddable":true,"href":"https:\/\/www.finsdesiecles-artdeco.com\/fr\/wp-json\/wp\/v2\/product_cat?post=7086"},{"taxonomy":"product_tag","embeddable":true,"href":"https:\/\/www.finsdesiecles-artdeco.com\/fr\/wp-json\/wp\/v2\/product_tag?post=7086"}],"curies":[{"name":"wp","href":"https:\/\/api.w.org\/{rel}","templated":true}]}}