{"id":7121,"date":"2021-04-28T17:28:43","date_gmt":"2021-04-28T17:28:43","guid":{"rendered":"https:\/\/www.finsdesiecles-artdeco.com\/?product=tables-de-nuit"},"modified":"2022-09-23T10:32:07","modified_gmt":"2022-09-23T10:32:07","slug":"paire-de-chevets-france-1940","status":"publish","type":"product","link":"https:\/\/www.finsdesiecles-artdeco.com\/fr\/product\/paire-de-chevets-france-1940\/","title":{"rendered":"Paire de chevets &#8211; France 1940"},"content":{"rendered":"<p>Paire de chevets &#8211; France 1940<\/p>\n<hr \/>\n<p><b>Dimensions<\/b><\/p>\n<ul>\n<li><b>cm:<\/b> 55 x 34 x 63<\/li>\n<li><b>inches:<\/b> 21.65 x 13.39 x 24.8<\/li>\n<\/ul>\n","protected":false},"excerpt":{"rendered":"<p>Paire de chevets \u00e0 structure en h\u00eatre, pieds et partie sup\u00e9rieure teint\u00e9s noir, c\u00f4t\u00e9s et tiroirs plaqu\u00e9s de palissandre. Vernis au tampon.\u00a0Tablette en miroir d&rsquo;origine.<\/p>\n<p>France vers 1940<\/p>\n<p><b>Dimensions<\/b><\/p>\n<ul>\n<li><b>cm:<\/b> 55 x 34 x 63<\/li>\n<li><b>inches:<\/b> 21.65 x 13.39 x 24.8<\/li>\n<\/ul>\n","protected":false},"featured_media":7113,"template":"","meta":{"_editorskit_title_hidden":false,"_editorskit_reading_time":0,"_editorskit_is_block_options_detached":false,"_editorskit_block_options_position":"{}","inline_featured_image":false},"product_brand":[],"product_cat":[415,256,270,312],"product_tag":[],"class_list":{"0":"post-7121","1":"product","2":"type-product","3":"status-publish","4":"has-post-thumbnail","6":"product_cat-meubles-de-rangement","7":"product_cat-tables","8":"product_cat-chambres-a-coucher","9":"product_cat-tables-de-nuit","11":"first","12":"outofstock","13":"product-type-simple"},"_links":{"self":[{"href":"https:\/\/www.finsdesiecles-artdeco.com\/fr\/wp-json\/wp\/v2\/product\/7121","targetHints":{"allow":["GET"]}}],"collection":[{"href":"https:\/\/www.finsdesiecles-artdeco.com\/fr\/wp-json\/wp\/v2\/product"}],"about":[{"href":"https:\/\/www.finsdesiecles-artdeco.com\/fr\/wp-json\/wp\/v2\/types\/product"}],"wp:featuredmedia":[{"embeddable":true,"href":"https:\/\/www.finsdesiecles-artdeco.com\/fr\/wp-json\/wp\/v2\/media\/7113"}],"wp:attachment":[{"href":"https:\/\/www.finsdesiecles-artdeco.com\/fr\/wp-json\/wp\/v2\/media?parent=7121"}],"wp:term":[{"taxonomy":"product_brand","embeddable":true,"href":"https:\/\/www.finsdesiecles-artdeco.com\/fr\/wp-json\/wp\/v2\/product_brand?post=7121"},{"taxonomy":"product_cat","embeddable":true,"href":"https:\/\/www.finsdesiecles-artdeco.com\/fr\/wp-json\/wp\/v2\/product_cat?post=7121"},{"taxonomy":"product_tag","embeddable":true,"href":"https:\/\/www.finsdesiecles-artdeco.com\/fr\/wp-json\/wp\/v2\/product_tag?post=7121"}],"curies":[{"name":"wp","href":"https:\/\/api.w.org\/{rel}","templated":true}]}}