{"id":7145,"date":"2021-05-02T20:54:37","date_gmt":"2021-05-02T20:54:37","guid":{"rendered":"https:\/\/www.finsdesiecles-artdeco.com\/?product=commodes"},"modified":"2022-09-17T09:50:50","modified_gmt":"2022-09-17T09:50:50","slug":"grande-commode-italie-1940-50","status":"publish","type":"product","link":"https:\/\/www.finsdesiecles-artdeco.com\/fr\/product\/grande-commode-italie-1940-50\/","title":{"rendered":"Grande commode &#8211; Italie 1940-50"},"content":{"rendered":"<p>Grande commode &#8211; Italie 1940-50<\/p>\n<hr \/>\n<p><b>Dimensions<\/b><\/p>\n<ul>\n<li><b>cm:<\/b> 179 x 53 x 74<\/li>\n<li><b>inches:<\/b> 70.47 x 20.87 x 29.13<\/li>\n<\/ul>\n","protected":false},"excerpt":{"rendered":"<p>Grande commode en acajou massif et placage de palissandre, trois tiroirs en \u00ab\u00a0grissinis\u00a0\u00bb au centre, quatre tiroirs en marqueterie sur les c\u00f4t\u00e9s, grande niche au dessus des tiroirs, dessus en verre d\u00e9cor\u00e9 \u00e0 la feuille d&rsquo;argent, poign\u00e9es de tirage en laiton nickel\u00e9, vernis au tampon.<\/p>\n<p>Italie fin des ann\u00e9es 40, d\u00e9but ann\u00e9es 50.<\/p>\n<p><b>Dimensions<\/b><\/p>\n<ul>\n<li><b>cm:<\/b> 179 x 53 x 74<\/li>\n<li><b>inches:<\/b> 70.47 x 20.87 x 29.13<\/li>\n<\/ul>\n","protected":false},"featured_media":7136,"template":"","meta":{"_editorskit_title_hidden":false,"_editorskit_reading_time":0,"_editorskit_is_block_options_detached":false,"_editorskit_block_options_position":"{}","inline_featured_image":false},"product_brand":[],"product_cat":[415,306],"product_tag":[665],"class_list":{"0":"post-7145","1":"product","2":"type-product","3":"status-publish","4":"has-post-thumbnail","6":"product_cat-meubles-de-rangement","7":"product_cat-commodes","8":"product_tag-chest-fr","10":"first","11":"instock","12":"purchasable","13":"product-type-simple"},"_links":{"self":[{"href":"https:\/\/www.finsdesiecles-artdeco.com\/fr\/wp-json\/wp\/v2\/product\/7145","targetHints":{"allow":["GET"]}}],"collection":[{"href":"https:\/\/www.finsdesiecles-artdeco.com\/fr\/wp-json\/wp\/v2\/product"}],"about":[{"href":"https:\/\/www.finsdesiecles-artdeco.com\/fr\/wp-json\/wp\/v2\/types\/product"}],"wp:featuredmedia":[{"embeddable":true,"href":"https:\/\/www.finsdesiecles-artdeco.com\/fr\/wp-json\/wp\/v2\/media\/7136"}],"wp:attachment":[{"href":"https:\/\/www.finsdesiecles-artdeco.com\/fr\/wp-json\/wp\/v2\/media?parent=7145"}],"wp:term":[{"taxonomy":"product_brand","embeddable":true,"href":"https:\/\/www.finsdesiecles-artdeco.com\/fr\/wp-json\/wp\/v2\/product_brand?post=7145"},{"taxonomy":"product_cat","embeddable":true,"href":"https:\/\/www.finsdesiecles-artdeco.com\/fr\/wp-json\/wp\/v2\/product_cat?post=7145"},{"taxonomy":"product_tag","embeddable":true,"href":"https:\/\/www.finsdesiecles-artdeco.com\/fr\/wp-json\/wp\/v2\/product_tag?post=7145"}],"curies":[{"name":"wp","href":"https:\/\/api.w.org\/{rel}","templated":true}]}}