{"id":7182,"date":"2021-05-13T16:18:21","date_gmt":"2021-05-13T16:18:21","guid":{"rendered":"https:\/\/www.finsdesiecles-artdeco.com\/?product=tables-basses"},"modified":"2022-09-16T11:47:00","modified_gmt":"2022-09-16T11:47:00","slug":"grande-table-de-salon-par-pere-cosp-barcelone-1960","status":"publish","type":"product","link":"https:\/\/www.finsdesiecles-artdeco.com\/fr\/product\/grande-table-de-salon-par-pere-cosp-barcelone-1960\/","title":{"rendered":"Grande table de salon par Pere Cosp &#8211; Barcelone 1960"},"content":{"rendered":"<p>Grande table de salon par Pere Cosp &#8211; Barcelone 1960<\/p>\n<hr \/>\n<p><b>Dimensions<\/b><\/p>\n<ul>\n<li><b>cm:<\/b> 101 x 101 x 48<\/li>\n<li><b>inches:<\/b> 39.76 x 39.76 x 18.9<\/li>\n<\/ul>\n","protected":false},"excerpt":{"rendered":"<p>Grande table de salon carr\u00e9e \u00e0 structure en acajou massif et contreplaqu\u00e9 de forte \u00e9paisseur enti\u00e8rement garni de parchemin \u00e0 l&rsquo;exception du pi\u00e8tement, trois portes et un grand abattant donnant sur les espaces de rangement int\u00e9rieurs, quincaillerie en laiton poli. Patine\u00a0originale.<\/p>\n<p>Design: Pere Cosp Villar\u00f3<\/p>\n<p>Espagne, Barcelone vers 1960<\/p>\n<p><b>Dimensions<\/b><\/p>\n<ul>\n<li><b>cm:<\/b> 101 x 101 x 48<\/li>\n<li><b>inches:<\/b> 39.76 x 39.76 x 18.9<\/li>\n<\/ul>\n","protected":false},"featured_media":7169,"template":"","meta":{"_editorskit_title_hidden":false,"_editorskit_reading_time":0,"_editorskit_is_block_options_detached":false,"_editorskit_block_options_position":"{}","inline_featured_image":false},"product_brand":[],"product_cat":[256,291],"product_tag":[],"class_list":{"0":"post-7182","1":"product","2":"type-product","3":"status-publish","4":"has-post-thumbnail","6":"product_cat-tables","7":"product_cat-tables-basses","9":"first","10":"instock","11":"purchasable","12":"product-type-simple"},"_links":{"self":[{"href":"https:\/\/www.finsdesiecles-artdeco.com\/fr\/wp-json\/wp\/v2\/product\/7182","targetHints":{"allow":["GET"]}}],"collection":[{"href":"https:\/\/www.finsdesiecles-artdeco.com\/fr\/wp-json\/wp\/v2\/product"}],"about":[{"href":"https:\/\/www.finsdesiecles-artdeco.com\/fr\/wp-json\/wp\/v2\/types\/product"}],"wp:featuredmedia":[{"embeddable":true,"href":"https:\/\/www.finsdesiecles-artdeco.com\/fr\/wp-json\/wp\/v2\/media\/7169"}],"wp:attachment":[{"href":"https:\/\/www.finsdesiecles-artdeco.com\/fr\/wp-json\/wp\/v2\/media?parent=7182"}],"wp:term":[{"taxonomy":"product_brand","embeddable":true,"href":"https:\/\/www.finsdesiecles-artdeco.com\/fr\/wp-json\/wp\/v2\/product_brand?post=7182"},{"taxonomy":"product_cat","embeddable":true,"href":"https:\/\/www.finsdesiecles-artdeco.com\/fr\/wp-json\/wp\/v2\/product_cat?post=7182"},{"taxonomy":"product_tag","embeddable":true,"href":"https:\/\/www.finsdesiecles-artdeco.com\/fr\/wp-json\/wp\/v2\/product_tag?post=7182"}],"curies":[{"name":"wp","href":"https:\/\/api.w.org\/{rel}","templated":true}]}}