{"id":7321,"date":"2021-06-28T12:36:14","date_gmt":"2021-06-28T12:36:14","guid":{"rendered":"https:\/\/www.finsdesiecles-artdeco.com\/?product=lampes-de-table"},"modified":"2022-09-14T11:08:50","modified_gmt":"2022-09-14T11:08:50","slug":"paire-de-lampes-de-table-par-zuccheri-pour-venini-1970","status":"publish","type":"product","link":"https:\/\/www.finsdesiecles-artdeco.com\/fr\/product\/paire-de-lampes-de-table-par-zuccheri-pour-venini-1970\/","title":{"rendered":"Paire de lampes de table par Zuccheri pour Venini &#8211; 1970"},"content":{"rendered":"<p>Paire de lampes de table par Zuccheri pour Venini &#8211; 1970<\/p>\n<hr \/>\n<p><b>Dimensions<\/b><\/p>\n<ul>\n<li><b>cm:<\/b> 27 x 12 x 32<\/li>\n<li><b>inches:<\/b> 10.63 x 4.72 x 12.6<\/li>\n<\/ul>\n","protected":false},"excerpt":{"rendered":"<p>Paire de lampes de table en m\u00e9tal chrom\u00e9 et plaques en p\u00e2te de verre transparente.<\/p>\n<p>Design de Toni Zuccheri pour Venini.<\/p>\n<p>Italie, Murano vers 1970<\/p>\n<p><b>Dimensions<\/b><\/p>\n<ul>\n<li><b>cm:<\/b> 27 x 12 x 32<\/li>\n<li><b>inches:<\/b> 10.63 x 4.72 x 12.6<\/li>\n<\/ul>\n","protected":false},"featured_media":7312,"template":"","meta":{"_editorskit_title_hidden":false,"_editorskit_reading_time":0,"_editorskit_is_block_options_detached":false,"_editorskit_block_options_position":"{}","inline_featured_image":false},"product_brand":[],"product_cat":[264,333],"product_tag":[],"class_list":{"0":"post-7321","1":"product","2":"type-product","3":"status-publish","4":"has-post-thumbnail","6":"product_cat-luminaires","7":"product_cat-lampes-de-table","9":"first","10":"instock","11":"purchasable","12":"product-type-simple"},"_links":{"self":[{"href":"https:\/\/www.finsdesiecles-artdeco.com\/fr\/wp-json\/wp\/v2\/product\/7321","targetHints":{"allow":["GET"]}}],"collection":[{"href":"https:\/\/www.finsdesiecles-artdeco.com\/fr\/wp-json\/wp\/v2\/product"}],"about":[{"href":"https:\/\/www.finsdesiecles-artdeco.com\/fr\/wp-json\/wp\/v2\/types\/product"}],"wp:featuredmedia":[{"embeddable":true,"href":"https:\/\/www.finsdesiecles-artdeco.com\/fr\/wp-json\/wp\/v2\/media\/7312"}],"wp:attachment":[{"href":"https:\/\/www.finsdesiecles-artdeco.com\/fr\/wp-json\/wp\/v2\/media?parent=7321"}],"wp:term":[{"taxonomy":"product_brand","embeddable":true,"href":"https:\/\/www.finsdesiecles-artdeco.com\/fr\/wp-json\/wp\/v2\/product_brand?post=7321"},{"taxonomy":"product_cat","embeddable":true,"href":"https:\/\/www.finsdesiecles-artdeco.com\/fr\/wp-json\/wp\/v2\/product_cat?post=7321"},{"taxonomy":"product_tag","embeddable":true,"href":"https:\/\/www.finsdesiecles-artdeco.com\/fr\/wp-json\/wp\/v2\/product_tag?post=7321"}],"curies":[{"name":"wp","href":"https:\/\/api.w.org\/{rel}","templated":true}]}}