{"id":7345,"date":"2021-07-05T11:58:43","date_gmt":"2021-07-05T11:58:43","guid":{"rendered":"https:\/\/www.finsdesiecles-artdeco.com\/?product=consoles"},"modified":"2022-09-13T10:39:43","modified_gmt":"2022-09-13T10:39:43","slug":"console-commode-italie-1940","status":"publish","type":"product","link":"https:\/\/www.finsdesiecles-artdeco.com\/fr\/product\/console-commode-italie-1940\/","title":{"rendered":"Console-commode &#8211; Italie 1940"},"content":{"rendered":"<p>Console-commode &#8211; Italie 1940<\/p>\n<hr \/>\n<p><b>Dimensions<\/b><\/p>\n<ul>\n<li><b>cm:<\/b> 168 x 43 &#8211; 45 Poign\u00e9es x 94<\/li>\n<li><b>inches:<\/b> 66.14 x 16.93 &#8211; 17.72 Poign\u00e9es x 37.01<\/li>\n<\/ul>\n","protected":false},"excerpt":{"rendered":"<p>Splendide console-commode \u00e0 six tiroirs \u00ab\u00a0grissinis\u00a0\u00bb en acajou teint\u00e9 et verni, d\u00e9tails en palissandre, grand espace de rangement sous les tiroirs, poign\u00e9es en laiton poli, dessus en verre de couleur vert anglais.<\/p>\n<p>Italie vers 1940<\/p>\n<p><b>Dimensions<\/b><\/p>\n<ul>\n<li><b>cm:<\/b> 168 x 43 &#8211; 45 Poign\u00e9es x 94<\/li>\n<li><b>inches:<\/b> 66.14 x 16.93 &#8211; 17.72 Poign\u00e9es x 37.01<\/li>\n<\/ul>\n","protected":false},"featured_media":7336,"template":"","meta":{"_editorskit_title_hidden":false,"_editorskit_reading_time":0,"_editorskit_is_block_options_detached":false,"_editorskit_block_options_position":"{}","inline_featured_image":false},"product_brand":[],"product_cat":[276,415,256,306,696,324],"product_tag":[],"class_list":{"0":"post-7345","1":"product","2":"type-product","3":"status-publish","4":"has-post-thumbnail","6":"product_cat-auxiliaires","7":"product_cat-meubles-de-rangement","8":"product_cat-tables","9":"product_cat-commodes","10":"product_cat-console-fr","11":"product_cat-consoles","13":"first","14":"instock","15":"purchasable","16":"product-type-simple"},"_links":{"self":[{"href":"https:\/\/www.finsdesiecles-artdeco.com\/fr\/wp-json\/wp\/v2\/product\/7345","targetHints":{"allow":["GET"]}}],"collection":[{"href":"https:\/\/www.finsdesiecles-artdeco.com\/fr\/wp-json\/wp\/v2\/product"}],"about":[{"href":"https:\/\/www.finsdesiecles-artdeco.com\/fr\/wp-json\/wp\/v2\/types\/product"}],"wp:featuredmedia":[{"embeddable":true,"href":"https:\/\/www.finsdesiecles-artdeco.com\/fr\/wp-json\/wp\/v2\/media\/7336"}],"wp:attachment":[{"href":"https:\/\/www.finsdesiecles-artdeco.com\/fr\/wp-json\/wp\/v2\/media?parent=7345"}],"wp:term":[{"taxonomy":"product_brand","embeddable":true,"href":"https:\/\/www.finsdesiecles-artdeco.com\/fr\/wp-json\/wp\/v2\/product_brand?post=7345"},{"taxonomy":"product_cat","embeddable":true,"href":"https:\/\/www.finsdesiecles-artdeco.com\/fr\/wp-json\/wp\/v2\/product_cat?post=7345"},{"taxonomy":"product_tag","embeddable":true,"href":"https:\/\/www.finsdesiecles-artdeco.com\/fr\/wp-json\/wp\/v2\/product_tag?post=7345"}],"curies":[{"name":"wp","href":"https:\/\/api.w.org\/{rel}","templated":true}]}}