{"id":7401,"date":"2021-07-19T13:48:04","date_gmt":"2021-07-19T13:48:04","guid":{"rendered":"https:\/\/www.finsdesiecles-artdeco.com\/?product=tables-basses"},"modified":"2022-09-13T10:05:00","modified_gmt":"2022-09-13T10:05:00","slug":"table-basse-france-1950","status":"publish","type":"product","link":"https:\/\/www.finsdesiecles-artdeco.com\/fr\/product\/table-basse-france-1950\/","title":{"rendered":"Table basse &#8211; France 1950"},"content":{"rendered":"<p>Table basse &#8211; France 1950<\/p>\n<hr \/>\n<p><b>Dimensions<\/b><\/p>\n<ul>\n<li><b>cm:<\/b> 90 x 45 x 43<\/li>\n<li><b>inches:<\/b> 35.43 x 17.72 x 16.93<\/li>\n<\/ul>\n","protected":false},"excerpt":{"rendered":"<p>Table basse \u00e0 structure en acier noir\u00e7i, porte-revues en laiton de part et d&rsquo;autre d&rsquo;une tablette en opaline noire sur la partie inf\u00e9rieure, tablette en verre \u00e9pais sur la partie sup\u00e9rieure, fix\u00e9e par des cabochons chrom\u00e9s.<\/p>\n<p>France vers 1950<\/p>\n<p><b>Dimensions<\/b><\/p>\n<ul>\n<li><b>cm:<\/b> 90 x 45 x 43<\/li>\n<li><b>inches:<\/b> 35.43 x 17.72 x 16.93<\/li>\n<\/ul>\n","protected":false},"featured_media":7394,"template":"","meta":{"_editorskit_title_hidden":false,"_editorskit_reading_time":0,"_editorskit_is_block_options_detached":false,"_editorskit_block_options_position":"{}","inline_featured_image":false},"product_brand":[],"product_cat":[256,291],"product_tag":[],"class_list":{"0":"post-7401","1":"product","2":"type-product","3":"status-publish","4":"has-post-thumbnail","6":"product_cat-tables","7":"product_cat-tables-basses","9":"first","10":"instock","11":"purchasable","12":"product-type-simple"},"_links":{"self":[{"href":"https:\/\/www.finsdesiecles-artdeco.com\/fr\/wp-json\/wp\/v2\/product\/7401","targetHints":{"allow":["GET"]}}],"collection":[{"href":"https:\/\/www.finsdesiecles-artdeco.com\/fr\/wp-json\/wp\/v2\/product"}],"about":[{"href":"https:\/\/www.finsdesiecles-artdeco.com\/fr\/wp-json\/wp\/v2\/types\/product"}],"wp:featuredmedia":[{"embeddable":true,"href":"https:\/\/www.finsdesiecles-artdeco.com\/fr\/wp-json\/wp\/v2\/media\/7394"}],"wp:attachment":[{"href":"https:\/\/www.finsdesiecles-artdeco.com\/fr\/wp-json\/wp\/v2\/media?parent=7401"}],"wp:term":[{"taxonomy":"product_brand","embeddable":true,"href":"https:\/\/www.finsdesiecles-artdeco.com\/fr\/wp-json\/wp\/v2\/product_brand?post=7401"},{"taxonomy":"product_cat","embeddable":true,"href":"https:\/\/www.finsdesiecles-artdeco.com\/fr\/wp-json\/wp\/v2\/product_cat?post=7401"},{"taxonomy":"product_tag","embeddable":true,"href":"https:\/\/www.finsdesiecles-artdeco.com\/fr\/wp-json\/wp\/v2\/product_tag?post=7401"}],"curies":[{"name":"wp","href":"https:\/\/api.w.org\/{rel}","templated":true}]}}