{"id":7416,"date":"2021-07-26T18:46:09","date_gmt":"2021-07-26T18:46:09","guid":{"rendered":"https:\/\/www.finsdesiecles-artdeco.com\/?product=dressoirs"},"modified":"2022-09-13T09:40:18","modified_gmt":"2022-09-13T09:40:18","slug":"enfilade-a-trois-portes-france-1940","status":"publish","type":"product","link":"https:\/\/www.finsdesiecles-artdeco.com\/fr\/product\/enfilade-a-trois-portes-france-1940\/","title":{"rendered":"Enfilade \u00e0 trois portes &#8211; France 1940"},"content":{"rendered":"<p>Enfilade \u00e0 trois portes &#8211; France 1940<\/p>\n<hr \/>\n<p><b>Dimensions<\/b><\/p>\n<ul>\n<li><b>cm:<\/b> 220 x 49 x 95<\/li>\n<li><b>inches:<\/b> 86.61 x 19.29 x 37.4<\/li>\n<\/ul>\n","protected":false},"excerpt":{"rendered":"<p>Enfilade \u00e0 trois portes\u00a0 en bois de bubinga massif, placage de bubinga, panneaux de portes en \u00e9rable massif sculpt\u00e9 \u00e0 motifs de colombes, d\u00e9cor v\u00e9g\u00e9tal et clocher. Trois tiroirs dans le compartiment central, \u00e9tag\u00e8res en bubinga sur les c\u00f4t\u00e9s. Charni\u00e8res en bronze nickel\u00e9. Finition gomme-laque cir\u00e9e.<\/p>\n<p>Travail colonial fran\u00e7ais vers 1940, provenant de Marseille.<\/p>\n<p>France 1940<\/p>\n<p><b>Dimensions<\/b><\/p>\n<ul>\n<li><b>cm:<\/b> 220 x 49 x 95<\/li>\n<li><b>inches:<\/b> 86.61 x 19.29 x 37.4<\/li>\n<\/ul>\n","protected":false},"featured_media":7404,"template":"","meta":{"_editorskit_title_hidden":false,"_editorskit_reading_time":0,"_editorskit_is_block_options_detached":false,"_editorskit_block_options_position":"{}","inline_featured_image":false},"product_brand":[],"product_cat":[415,273],"product_tag":[],"class_list":{"0":"post-7416","1":"product","2":"type-product","3":"status-publish","4":"has-post-thumbnail","6":"product_cat-meubles-de-rangement","7":"product_cat-enfilades","9":"first","10":"instock","11":"purchasable","12":"product-type-simple"},"_links":{"self":[{"href":"https:\/\/www.finsdesiecles-artdeco.com\/fr\/wp-json\/wp\/v2\/product\/7416","targetHints":{"allow":["GET"]}}],"collection":[{"href":"https:\/\/www.finsdesiecles-artdeco.com\/fr\/wp-json\/wp\/v2\/product"}],"about":[{"href":"https:\/\/www.finsdesiecles-artdeco.com\/fr\/wp-json\/wp\/v2\/types\/product"}],"wp:featuredmedia":[{"embeddable":true,"href":"https:\/\/www.finsdesiecles-artdeco.com\/fr\/wp-json\/wp\/v2\/media\/7404"}],"wp:attachment":[{"href":"https:\/\/www.finsdesiecles-artdeco.com\/fr\/wp-json\/wp\/v2\/media?parent=7416"}],"wp:term":[{"taxonomy":"product_brand","embeddable":true,"href":"https:\/\/www.finsdesiecles-artdeco.com\/fr\/wp-json\/wp\/v2\/product_brand?post=7416"},{"taxonomy":"product_cat","embeddable":true,"href":"https:\/\/www.finsdesiecles-artdeco.com\/fr\/wp-json\/wp\/v2\/product_cat?post=7416"},{"taxonomy":"product_tag","embeddable":true,"href":"https:\/\/www.finsdesiecles-artdeco.com\/fr\/wp-json\/wp\/v2\/product_tag?post=7416"}],"curies":[{"name":"wp","href":"https:\/\/api.w.org\/{rel}","templated":true}]}}