{"id":7428,"date":"2021-07-26T19:36:58","date_gmt":"2021-07-26T19:36:58","guid":{"rendered":"https:\/\/www.finsdesiecles-artdeco.com\/?product=lampadaires"},"modified":"2022-09-12T11:49:47","modified_gmt":"2022-09-12T11:49:47","slug":"lampadaire-italie-1940","status":"publish","type":"product","link":"https:\/\/www.finsdesiecles-artdeco.com\/fr\/product\/lampadaire-italie-1940\/","title":{"rendered":"Lampadaire &#8211; Italie 1940"},"content":{"rendered":"<p>Lampadaire &#8211; Italie 1940<\/p>\n<hr \/>\n<p><b>Dimensions<\/b><\/p>\n<ul>\n<li><b>cm:<\/b> Diam 60 x 180<\/li>\n<li><b>inches:<\/b> Diam 23.62 x 70.87<\/li>\n<\/ul>\n","protected":false},"excerpt":{"rendered":"<p>Lampadaire \u00e0 base et f\u00fbt en h\u00eatre teint\u00e9 fon\u00e7\u00e9\u00a0et verni au tampon agr\u00e9ment\u00e9 de pi\u00e8ces en laiton massif poli sur la base et \u00e0 l&rsquo;union des deux parties du f\u00fbt. Double syst\u00e8me d&rsquo;\u00e9clairage. Abat-jour refait \u00e0 neuf en toile mordor\u00e9e.<\/p>\n<p>Italie vers 1940.<\/p>\n<p>Abat-jour: Diam 60 x 46 cm<\/p>\n<p><b>Dimensions<\/b><\/p>\n<ul>\n<li><b>cm:<\/b> Diam 60 x 180<\/li>\n<li><b>inches:<\/b> Diam 23.62 x 70.87<\/li>\n<\/ul>\n","protected":false},"featured_media":7419,"template":"","meta":{"_editorskit_title_hidden":false,"_editorskit_reading_time":0,"_editorskit_is_block_options_detached":false,"_editorskit_block_options_position":"{}","inline_featured_image":false},"product_brand":[],"product_cat":[264,330],"product_tag":[],"class_list":{"0":"post-7428","1":"product","2":"type-product","3":"status-publish","4":"has-post-thumbnail","6":"product_cat-luminaires","7":"product_cat-lampadaires","9":"first","10":"instock","11":"purchasable","12":"product-type-simple"},"_links":{"self":[{"href":"https:\/\/www.finsdesiecles-artdeco.com\/fr\/wp-json\/wp\/v2\/product\/7428","targetHints":{"allow":["GET"]}}],"collection":[{"href":"https:\/\/www.finsdesiecles-artdeco.com\/fr\/wp-json\/wp\/v2\/product"}],"about":[{"href":"https:\/\/www.finsdesiecles-artdeco.com\/fr\/wp-json\/wp\/v2\/types\/product"}],"wp:featuredmedia":[{"embeddable":true,"href":"https:\/\/www.finsdesiecles-artdeco.com\/fr\/wp-json\/wp\/v2\/media\/7419"}],"wp:attachment":[{"href":"https:\/\/www.finsdesiecles-artdeco.com\/fr\/wp-json\/wp\/v2\/media?parent=7428"}],"wp:term":[{"taxonomy":"product_brand","embeddable":true,"href":"https:\/\/www.finsdesiecles-artdeco.com\/fr\/wp-json\/wp\/v2\/product_brand?post=7428"},{"taxonomy":"product_cat","embeddable":true,"href":"https:\/\/www.finsdesiecles-artdeco.com\/fr\/wp-json\/wp\/v2\/product_cat?post=7428"},{"taxonomy":"product_tag","embeddable":true,"href":"https:\/\/www.finsdesiecles-artdeco.com\/fr\/wp-json\/wp\/v2\/product_tag?post=7428"}],"curies":[{"name":"wp","href":"https:\/\/api.w.org\/{rel}","templated":true}]}}