{"id":7439,"date":"2021-07-28T12:49:05","date_gmt":"2021-07-28T12:49:05","guid":{"rendered":"https:\/\/www.finsdesiecles-artdeco.com\/?product=lampes-de-table"},"modified":"2022-09-13T09:11:44","modified_gmt":"2022-09-13T09:11:44","slug":"lampe-de-table-italie-1960","status":"publish","type":"product","link":"https:\/\/www.finsdesiecles-artdeco.com\/fr\/product\/lampe-de-table-italie-1960\/","title":{"rendered":"Lampe de table &#8211; Italie 1960"},"content":{"rendered":"<p>Lampe de table &#8211; Italie 1960<\/p>\n<hr \/>\n<p><b>Dimensions<\/b><\/p>\n<ul>\n<li><b>cm:<\/b> Diam 26 x 53<\/li>\n<li><b>inches:<\/b> Diam 10.24 x 20.87<\/li>\n<\/ul>\n","protected":false},"excerpt":{"rendered":"<p>Lampe de table en opaline translucide et m\u00e9tal chrom\u00e9, double syst\u00e8me d&rsquo;\u00e9clairage, abat-jour original en toile beige.<\/p>\n<p>Italie vers 1960.<\/p>\n<p><b>Dimensions<\/b><\/p>\n<ul>\n<li><b>cm:<\/b> Diam 26 x 53<\/li>\n<li><b>inches:<\/b> Diam 10.24 x 20.87<\/li>\n<\/ul>\n","protected":false},"featured_media":7431,"template":"","meta":{"_editorskit_title_hidden":false,"_editorskit_reading_time":0,"_editorskit_is_block_options_detached":false,"_editorskit_block_options_position":"{}","inline_featured_image":false},"product_brand":[],"product_cat":[264,333],"product_tag":[],"class_list":{"0":"post-7439","1":"product","2":"type-product","3":"status-publish","4":"has-post-thumbnail","6":"product_cat-luminaires","7":"product_cat-lampes-de-table","9":"first","10":"instock","11":"purchasable","12":"product-type-simple"},"_links":{"self":[{"href":"https:\/\/www.finsdesiecles-artdeco.com\/fr\/wp-json\/wp\/v2\/product\/7439","targetHints":{"allow":["GET"]}}],"collection":[{"href":"https:\/\/www.finsdesiecles-artdeco.com\/fr\/wp-json\/wp\/v2\/product"}],"about":[{"href":"https:\/\/www.finsdesiecles-artdeco.com\/fr\/wp-json\/wp\/v2\/types\/product"}],"wp:featuredmedia":[{"embeddable":true,"href":"https:\/\/www.finsdesiecles-artdeco.com\/fr\/wp-json\/wp\/v2\/media\/7431"}],"wp:attachment":[{"href":"https:\/\/www.finsdesiecles-artdeco.com\/fr\/wp-json\/wp\/v2\/media?parent=7439"}],"wp:term":[{"taxonomy":"product_brand","embeddable":true,"href":"https:\/\/www.finsdesiecles-artdeco.com\/fr\/wp-json\/wp\/v2\/product_brand?post=7439"},{"taxonomy":"product_cat","embeddable":true,"href":"https:\/\/www.finsdesiecles-artdeco.com\/fr\/wp-json\/wp\/v2\/product_cat?post=7439"},{"taxonomy":"product_tag","embeddable":true,"href":"https:\/\/www.finsdesiecles-artdeco.com\/fr\/wp-json\/wp\/v2\/product_tag?post=7439"}],"curies":[{"name":"wp","href":"https:\/\/api.w.org\/{rel}","templated":true}]}}