{"id":7466,"date":"2021-08-02T13:30:35","date_gmt":"2021-08-02T13:30:35","guid":{"rendered":"https:\/\/www.finsdesiecles-artdeco.com\/?product=meubles-bar"},"modified":"2023-04-13T15:55:46","modified_gmt":"2023-04-13T15:55:46","slug":"meuble-bar-tugas-france-1950","status":"publish","type":"product","link":"https:\/\/www.finsdesiecles-artdeco.com\/fr\/product\/meuble-bar-tugas-france-1950\/","title":{"rendered":"Meuble bar Tugas &#8211; France 1950"},"content":{"rendered":"<p>Meuble bar Tugas &#8211; France 1950<\/p>\n<p>&nbsp;<\/p>\n<p><strong>Dimensions<\/strong><\/p>\n<p><b>cm:<\/b> 99 x 47 x 77<\/p>\n<p><b>inches:<\/b> 38.97 x 18.5 x 30.31<\/p>\n","protected":false},"excerpt":{"rendered":"<p>Meuble-bar Tugas sur roulettes en acajou massif et placage d&rsquo;acajou verni au tampon, porte pivotante ouvrant sur un compartiment de teinte ivoire garni d&rsquo;\u00e9tag\u00e8res en verre et en miroir. Plateau sup\u00e9rieur amovible. Deux petits cendriers en chrome cach\u00e9s dans la ceinture. Finitions en m\u00e9tal chrom\u00e9. Etiquette du fabricant.<\/p>\n<p>France vers 1950.<\/p>\n<p>&nbsp;<\/p>\n<p><strong>Dimensions<\/strong><\/p>\n<p><b>cm:<\/b> 99 x 47 x 77<\/p>\n<p><b>inches:<\/b> 38.97 x 18.5 x 30.31<\/p>\n","protected":false},"featured_media":7453,"template":"","meta":{"_editorskit_title_hidden":false,"_editorskit_reading_time":0,"_editorskit_is_block_options_detached":false,"_editorskit_block_options_position":"{}","inline_featured_image":false},"product_brand":[],"product_cat":[276,318],"product_tag":[],"class_list":{"0":"post-7466","1":"product","2":"type-product","3":"status-publish","4":"has-post-thumbnail","6":"product_cat-auxiliaires","7":"product_cat-meubles-bar","9":"first","10":"instock","11":"purchasable","12":"product-type-simple"},"_links":{"self":[{"href":"https:\/\/www.finsdesiecles-artdeco.com\/fr\/wp-json\/wp\/v2\/product\/7466","targetHints":{"allow":["GET"]}}],"collection":[{"href":"https:\/\/www.finsdesiecles-artdeco.com\/fr\/wp-json\/wp\/v2\/product"}],"about":[{"href":"https:\/\/www.finsdesiecles-artdeco.com\/fr\/wp-json\/wp\/v2\/types\/product"}],"wp:featuredmedia":[{"embeddable":true,"href":"https:\/\/www.finsdesiecles-artdeco.com\/fr\/wp-json\/wp\/v2\/media\/7453"}],"wp:attachment":[{"href":"https:\/\/www.finsdesiecles-artdeco.com\/fr\/wp-json\/wp\/v2\/media?parent=7466"}],"wp:term":[{"taxonomy":"product_brand","embeddable":true,"href":"https:\/\/www.finsdesiecles-artdeco.com\/fr\/wp-json\/wp\/v2\/product_brand?post=7466"},{"taxonomy":"product_cat","embeddable":true,"href":"https:\/\/www.finsdesiecles-artdeco.com\/fr\/wp-json\/wp\/v2\/product_cat?post=7466"},{"taxonomy":"product_tag","embeddable":true,"href":"https:\/\/www.finsdesiecles-artdeco.com\/fr\/wp-json\/wp\/v2\/product_tag?post=7466"}],"curies":[{"name":"wp","href":"https:\/\/api.w.org\/{rel}","templated":true}]}}