{"id":7476,"date":"2021-08-02T15:24:15","date_gmt":"2021-08-02T15:24:15","guid":{"rendered":"https:\/\/www.finsdesiecles-artdeco.com\/?product=tables-basses"},"modified":"2022-09-12T11:43:53","modified_gmt":"2022-09-12T11:43:53","slug":"table-basse-italie-1950","status":"publish","type":"product","link":"https:\/\/www.finsdesiecles-artdeco.com\/fr\/product\/table-basse-italie-1950\/","title":{"rendered":"Table basse &#8211; Italie 1950"},"content":{"rendered":"<p>Table basse &#8211; Italie 1950<\/p>\n<hr \/>\n<p><b>Dimensions<\/b><\/p>\n<ul>\n<li><b>cm:<\/b> 103 x 46 x 42<\/li>\n<li><b>inches:<\/b> 40.55 x 18.11 x 16.54<\/li>\n<\/ul>\n","protected":false},"excerpt":{"rendered":"<p>Table basse en teak massif avec filets d&rsquo;\u00e9bene vernis tampon, structure en fer noir\u00e7i. \u00c9crous d&rsquo;assemblage en laiton.<\/p>\n<p>Italie vers 1950.<\/p>\n<p><b>Dimensions<\/b><\/p>\n<ul>\n<li><b>cm:<\/b> 103 x 46 x 42<\/li>\n<li><b>inches:<\/b> 40.55 x 18.11 x 16.54<\/li>\n<\/ul>\n","protected":false},"featured_media":7469,"template":"","meta":{"_editorskit_title_hidden":false,"_editorskit_reading_time":0,"_editorskit_is_block_options_detached":false,"_editorskit_block_options_position":"{}","inline_featured_image":false},"product_brand":[],"product_cat":[256,291],"product_tag":[],"class_list":{"0":"post-7476","1":"product","2":"type-product","3":"status-publish","4":"has-post-thumbnail","6":"product_cat-tables","7":"product_cat-tables-basses","9":"first","10":"outofstock","11":"product-type-simple"},"_links":{"self":[{"href":"https:\/\/www.finsdesiecles-artdeco.com\/fr\/wp-json\/wp\/v2\/product\/7476","targetHints":{"allow":["GET"]}}],"collection":[{"href":"https:\/\/www.finsdesiecles-artdeco.com\/fr\/wp-json\/wp\/v2\/product"}],"about":[{"href":"https:\/\/www.finsdesiecles-artdeco.com\/fr\/wp-json\/wp\/v2\/types\/product"}],"wp:featuredmedia":[{"embeddable":true,"href":"https:\/\/www.finsdesiecles-artdeco.com\/fr\/wp-json\/wp\/v2\/media\/7469"}],"wp:attachment":[{"href":"https:\/\/www.finsdesiecles-artdeco.com\/fr\/wp-json\/wp\/v2\/media?parent=7476"}],"wp:term":[{"taxonomy":"product_brand","embeddable":true,"href":"https:\/\/www.finsdesiecles-artdeco.com\/fr\/wp-json\/wp\/v2\/product_brand?post=7476"},{"taxonomy":"product_cat","embeddable":true,"href":"https:\/\/www.finsdesiecles-artdeco.com\/fr\/wp-json\/wp\/v2\/product_cat?post=7476"},{"taxonomy":"product_tag","embeddable":true,"href":"https:\/\/www.finsdesiecles-artdeco.com\/fr\/wp-json\/wp\/v2\/product_tag?post=7476"}],"curies":[{"name":"wp","href":"https:\/\/api.w.org\/{rel}","templated":true}]}}