{"id":7530,"date":"2021-08-16T16:08:08","date_gmt":"2021-08-16T16:08:08","guid":{"rendered":"https:\/\/www.finsdesiecles-artdeco.com\/?product=dessertes"},"modified":"2022-09-12T11:30:12","modified_gmt":"2022-09-12T11:30:12","slug":"desserte-sur-roues-barcelone-1960","status":"publish","type":"product","link":"https:\/\/www.finsdesiecles-artdeco.com\/fr\/product\/desserte-sur-roues-barcelone-1960\/","title":{"rendered":"Desserte sur roues &#8211; Barcelone 1960"},"content":{"rendered":"<p>Desserte sur roues &#8211; Barcelone 1960<\/p>\n<hr \/>\n<p><b>Dimensions<\/b><\/p>\n<ul>\n<li><b>cm:<\/b> 66 &#8211; 74 poign\u00e9es x 42 x 65 &#8211; 69 poign\u00e9es<\/li>\n<li><b>inches:<\/b> 25.98 &#8211; 29.13 poign\u00e9es x 16.54 x 25.59 &#8211; 27.17 poign\u00e9es<\/li>\n<\/ul>\n","protected":false},"excerpt":{"rendered":"<p>Desserte sur roues \u00e0 deux niveaux en laiton massif\u00a0 et verre. Tr\u00e8s grande qualit\u00e9. Dans le go\u00fbt de la Maison Bagu\u00e8s.<\/p>\n<p>Espagne, Barcelone vers 1960.<\/p>\n<p><b>Dimensions<\/b><\/p>\n<ul>\n<li><b>cm:<\/b> 66 &#8211; 74 poign\u00e9es x 42 x 65 &#8211; 69 poign\u00e9es<\/li>\n<li><b>inches:<\/b> 25.98 &#8211; 29.13 poign\u00e9es x 16.54 x 25.59 &#8211; 27.17 poign\u00e9es<\/li>\n<\/ul>\n","protected":false},"featured_media":7519,"template":"","meta":{"_editorskit_title_hidden":false,"_editorskit_reading_time":0,"_editorskit_is_block_options_detached":false,"_editorskit_block_options_position":"{}","inline_featured_image":false},"product_brand":[],"product_cat":[276,321],"product_tag":[],"class_list":{"0":"post-7530","1":"product","2":"type-product","3":"status-publish","4":"has-post-thumbnail","6":"product_cat-auxiliaires","7":"product_cat-dessertes","9":"first","10":"instock","11":"purchasable","12":"product-type-simple"},"_links":{"self":[{"href":"https:\/\/www.finsdesiecles-artdeco.com\/fr\/wp-json\/wp\/v2\/product\/7530","targetHints":{"allow":["GET"]}}],"collection":[{"href":"https:\/\/www.finsdesiecles-artdeco.com\/fr\/wp-json\/wp\/v2\/product"}],"about":[{"href":"https:\/\/www.finsdesiecles-artdeco.com\/fr\/wp-json\/wp\/v2\/types\/product"}],"wp:featuredmedia":[{"embeddable":true,"href":"https:\/\/www.finsdesiecles-artdeco.com\/fr\/wp-json\/wp\/v2\/media\/7519"}],"wp:attachment":[{"href":"https:\/\/www.finsdesiecles-artdeco.com\/fr\/wp-json\/wp\/v2\/media?parent=7530"}],"wp:term":[{"taxonomy":"product_brand","embeddable":true,"href":"https:\/\/www.finsdesiecles-artdeco.com\/fr\/wp-json\/wp\/v2\/product_brand?post=7530"},{"taxonomy":"product_cat","embeddable":true,"href":"https:\/\/www.finsdesiecles-artdeco.com\/fr\/wp-json\/wp\/v2\/product_cat?post=7530"},{"taxonomy":"product_tag","embeddable":true,"href":"https:\/\/www.finsdesiecles-artdeco.com\/fr\/wp-json\/wp\/v2\/product_tag?post=7530"}],"curies":[{"name":"wp","href":"https:\/\/api.w.org\/{rel}","templated":true}]}}