{"id":7575,"date":"2021-08-21T16:40:14","date_gmt":"2021-08-21T16:40:14","guid":{"rendered":"https:\/\/www.finsdesiecles-artdeco.com\/?product=lampadaires"},"modified":"2023-07-05T11:34:28","modified_gmt":"2023-07-05T11:34:28","slug":"lampadaire-a-trois-bras-de-lumiere-italie-1940","status":"publish","type":"product","link":"https:\/\/www.finsdesiecles-artdeco.com\/fr\/product\/lampadaire-a-trois-bras-de-lumiere-italie-1940\/","title":{"rendered":"Lampadaire \u00e0 trois bras de lumi\u00e8re- Italie 1940"},"content":{"rendered":"<p>Lampadaire \u00e0 trois bras de lumi\u00e8re- Italie 1940<\/p>\n<hr \/>\n<p><b>Dimensions<\/b><\/p>\n<ul>\n<li><b>cm:<\/b> Diam 68 x 184<\/li>\n<li><b>inches:<\/b> Diam 26.77 x 72.44<\/li>\n<\/ul>\n","protected":false},"excerpt":{"rendered":"<p>Lampadaire \u00e0 f\u00fbt cannel\u00e9 en h\u00eatre teint\u00e9 et verni au tampon reposant sur une base circulaire en verre \u00e9pais et laiton poli. Trois bras de lumi\u00e8re et tige de soutien de l&rsquo;abat-jour en laiton poli. Abat-jour en satin couleur marron glac\u00e9.<\/p>\n<p>Italie vers 1940.<\/p>\n<p><b>Dimensions<\/b><\/p>\n<ul>\n<li><b>cm:<\/b> Diam 68 x 184<\/li>\n<li><b>inches:<\/b> Diam 26.77 x 72.44<\/li>\n<\/ul>\n","protected":false},"featured_media":7567,"template":"","meta":{"_editorskit_title_hidden":false,"_editorskit_reading_time":0,"_editorskit_is_block_options_detached":false,"_editorskit_block_options_position":"{}","inline_featured_image":false},"product_brand":[],"product_cat":[264,330],"product_tag":[],"class_list":{"0":"post-7575","1":"product","2":"type-product","3":"status-publish","4":"has-post-thumbnail","6":"product_cat-luminaires","7":"product_cat-lampadaires","9":"first","10":"instock","11":"purchasable","12":"product-type-simple"},"_links":{"self":[{"href":"https:\/\/www.finsdesiecles-artdeco.com\/fr\/wp-json\/wp\/v2\/product\/7575","targetHints":{"allow":["GET"]}}],"collection":[{"href":"https:\/\/www.finsdesiecles-artdeco.com\/fr\/wp-json\/wp\/v2\/product"}],"about":[{"href":"https:\/\/www.finsdesiecles-artdeco.com\/fr\/wp-json\/wp\/v2\/types\/product"}],"wp:featuredmedia":[{"embeddable":true,"href":"https:\/\/www.finsdesiecles-artdeco.com\/fr\/wp-json\/wp\/v2\/media\/7567"}],"wp:attachment":[{"href":"https:\/\/www.finsdesiecles-artdeco.com\/fr\/wp-json\/wp\/v2\/media?parent=7575"}],"wp:term":[{"taxonomy":"product_brand","embeddable":true,"href":"https:\/\/www.finsdesiecles-artdeco.com\/fr\/wp-json\/wp\/v2\/product_brand?post=7575"},{"taxonomy":"product_cat","embeddable":true,"href":"https:\/\/www.finsdesiecles-artdeco.com\/fr\/wp-json\/wp\/v2\/product_cat?post=7575"},{"taxonomy":"product_tag","embeddable":true,"href":"https:\/\/www.finsdesiecles-artdeco.com\/fr\/wp-json\/wp\/v2\/product_tag?post=7575"}],"curies":[{"name":"wp","href":"https:\/\/api.w.org\/{rel}","templated":true}]}}