{"id":7604,"date":"2021-08-26T16:08:42","date_gmt":"2021-08-26T16:08:42","guid":{"rendered":"https:\/\/www.finsdesiecles-artdeco.com\/?product=meuble-de-rangement"},"modified":"2022-10-22T10:30:17","modified_gmt":"2022-10-22T10:30:17","slug":"meuble-de-rangement-art-deco-france-1930","status":"publish","type":"product","link":"https:\/\/www.finsdesiecles-artdeco.com\/fr\/product\/meuble-de-rangement-art-deco-france-1930\/","title":{"rendered":"Meuble de rangement Art D\u00e9co &#8211; France 1930"},"content":{"rendered":"<p>Meuble de rangement Art D\u00e9co &#8211; France, 1930<\/p>\n<hr \/>\n<p><b>Dimensions<\/b><\/p>\n<ul>\n<li><b>cm:<\/b> 181 x 40 x 156<\/li>\n<li><b>inches:<\/b> 71.26 x 15.75 x 61.42<\/li>\n<\/ul>\n","protected":false},"excerpt":{"rendered":"<p>Extraordinaire meuble de rangement-biblioth\u00e8que Art D\u00e9co en acajou massif plaqu\u00e9 de palissandre d&rsquo;Inde \u00e0 l&rsquo;ext\u00e9rieur et de sycomore \u00e0 l&rsquo;int\u00e9rieur reposant sur un large socle. Deux portes galb\u00e9es ouvrant de part et d&rsquo;autre d&rsquo;une niche sur des \u00e9tag\u00e8res et le logement d&rsquo;un coffre-fort, verni au tampon. Ebenisterie de tr\u00e8s haut niveau. Charni\u00e8res et serrures en m\u00e9tal nickel\u00e9. Clefs en ivoire.<\/p>\n<p>France vers 1930.<\/p>\n<p><b>Dimensions<\/b><\/p>\n<ul>\n<li><b>cm:<\/b> 181 x 40 x 156<\/li>\n<li><b>inches:<\/b> 71.26 x 15.75 x 61.42<\/li>\n<\/ul>\n","protected":false},"featured_media":7595,"template":"","meta":{"_editorskit_title_hidden":false,"_editorskit_reading_time":0,"_editorskit_is_block_options_detached":false,"_editorskit_block_options_position":"{}","inline_featured_image":false},"product_brand":[],"product_cat":[415,691,300],"product_tag":[],"class_list":{"0":"post-7604","1":"product","2":"type-product","3":"status-publish","4":"has-post-thumbnail","6":"product_cat-meubles-de-rangement","7":"product_cat-cabinets-2-fr","8":"product_cat-bibliotheques","10":"first","11":"instock","12":"purchasable","13":"product-type-simple"},"_links":{"self":[{"href":"https:\/\/www.finsdesiecles-artdeco.com\/fr\/wp-json\/wp\/v2\/product\/7604","targetHints":{"allow":["GET"]}}],"collection":[{"href":"https:\/\/www.finsdesiecles-artdeco.com\/fr\/wp-json\/wp\/v2\/product"}],"about":[{"href":"https:\/\/www.finsdesiecles-artdeco.com\/fr\/wp-json\/wp\/v2\/types\/product"}],"wp:featuredmedia":[{"embeddable":true,"href":"https:\/\/www.finsdesiecles-artdeco.com\/fr\/wp-json\/wp\/v2\/media\/7595"}],"wp:attachment":[{"href":"https:\/\/www.finsdesiecles-artdeco.com\/fr\/wp-json\/wp\/v2\/media?parent=7604"}],"wp:term":[{"taxonomy":"product_brand","embeddable":true,"href":"https:\/\/www.finsdesiecles-artdeco.com\/fr\/wp-json\/wp\/v2\/product_brand?post=7604"},{"taxonomy":"product_cat","embeddable":true,"href":"https:\/\/www.finsdesiecles-artdeco.com\/fr\/wp-json\/wp\/v2\/product_cat?post=7604"},{"taxonomy":"product_tag","embeddable":true,"href":"https:\/\/www.finsdesiecles-artdeco.com\/fr\/wp-json\/wp\/v2\/product_tag?post=7604"}],"curies":[{"name":"wp","href":"https:\/\/api.w.org\/{rel}","templated":true}]}}