{"id":7684,"date":"2021-09-04T16:49:03","date_gmt":"2021-09-04T16:49:03","guid":{"rendered":"https:\/\/www.finsdesiecles-artdeco.com\/?product=bars"},"modified":"2022-09-11T14:59:36","modified_gmt":"2022-09-11T14:59:36","slug":"bar-dappartement-italie-1948-50","status":"publish","type":"product","link":"https:\/\/www.finsdesiecles-artdeco.com\/fr\/product\/bar-dappartement-italie-1948-50\/","title":{"rendered":"Bar d&rsquo;appartement &#8211; Italie 1948-50"},"content":{"rendered":"<p>Bar d&rsquo;appartement &#8211; Italie 1948-50<\/p>\n<hr \/>\n<p><b>Dimensions<\/b><\/p>\n<ul>\n<li><b>cm:<\/b> 138 x 47 x 109<\/li>\n<li><b>inches:<\/b> 54.33 x 18.5 x 42.91<\/li>\n<\/ul>\n","protected":false},"excerpt":{"rendered":"<p>Bar d&rsquo;appartement en sycomore massif travaill\u00e9 en \u00ab\u00a0grissinis\u00a0\u00bb, plateau\u00a0incurv\u00e9 et biseaut\u00e9 re\u00e7evant un verre \u00e0 patine dor\u00e9e originale, une \u00e9tag\u00e8re, un tiroir et deux petits rangements en laiton et verre sur la porte \u00e0 l&rsquo;int\u00e9rieur. Vernis au tampon.<\/p>\n<p>Italie vers 1948-50<\/p>\n<p><b>Dimensions<\/b><\/p>\n<ul>\n<li><b>cm:<\/b> 138 x 47 x 109<\/li>\n<li><b>inches:<\/b> 54.33 x 18.5 x 42.91<\/li>\n<\/ul>\n","protected":false},"featured_media":7672,"template":"","meta":{"_editorskit_title_hidden":false,"_editorskit_reading_time":0,"_editorskit_is_block_options_detached":false,"_editorskit_block_options_position":"{}","inline_featured_image":false},"product_brand":[],"product_cat":[276,318],"product_tag":[],"class_list":{"0":"post-7684","1":"product","2":"type-product","3":"status-publish","4":"has-post-thumbnail","6":"product_cat-auxiliaires","7":"product_cat-meubles-bar","9":"first","10":"instock","11":"purchasable","12":"product-type-simple"},"_links":{"self":[{"href":"https:\/\/www.finsdesiecles-artdeco.com\/fr\/wp-json\/wp\/v2\/product\/7684","targetHints":{"allow":["GET"]}}],"collection":[{"href":"https:\/\/www.finsdesiecles-artdeco.com\/fr\/wp-json\/wp\/v2\/product"}],"about":[{"href":"https:\/\/www.finsdesiecles-artdeco.com\/fr\/wp-json\/wp\/v2\/types\/product"}],"wp:featuredmedia":[{"embeddable":true,"href":"https:\/\/www.finsdesiecles-artdeco.com\/fr\/wp-json\/wp\/v2\/media\/7672"}],"wp:attachment":[{"href":"https:\/\/www.finsdesiecles-artdeco.com\/fr\/wp-json\/wp\/v2\/media?parent=7684"}],"wp:term":[{"taxonomy":"product_brand","embeddable":true,"href":"https:\/\/www.finsdesiecles-artdeco.com\/fr\/wp-json\/wp\/v2\/product_brand?post=7684"},{"taxonomy":"product_cat","embeddable":true,"href":"https:\/\/www.finsdesiecles-artdeco.com\/fr\/wp-json\/wp\/v2\/product_cat?post=7684"},{"taxonomy":"product_tag","embeddable":true,"href":"https:\/\/www.finsdesiecles-artdeco.com\/fr\/wp-json\/wp\/v2\/product_tag?post=7684"}],"curies":[{"name":"wp","href":"https:\/\/api.w.org\/{rel}","templated":true}]}}