{"id":7742,"date":"2021-09-17T16:31:53","date_gmt":"2021-09-17T16:31:53","guid":{"rendered":"https:\/\/www.finsdesiecles-artdeco.com\/?product=lampes-de-table"},"modified":"2022-09-11T14:01:06","modified_gmt":"2022-09-11T14:01:06","slug":"lampe-de-bureau-boomerang-2000-par-fase-1970","status":"publish","type":"product","link":"https:\/\/www.finsdesiecles-artdeco.com\/fr\/product\/lampe-de-bureau-boomerang-2000-par-fase-1970\/","title":{"rendered":"Lampe de bureau Boomerang 2000 par Fase &#8211; 1970"},"content":{"rendered":"<p>Lampe de bureau Boomerang 2000 par Fase &#8211; 1970<\/p>\n<hr \/>\n<p><b>Dimensions<\/b><\/p>\n<ul>\n<li><b>cm:<\/b> 56 x 30 x 41<\/li>\n<li><b>inches:<\/b> 22.05 x 11.81 x 16.14<\/li>\n<\/ul>\n","protected":false},"excerpt":{"rendered":"<p>Grande lampe de bureau, bras en acier \u00e9maill\u00e9 blanc pivotant sur une base ronde en m\u00e9tal nickel\u00e9, diffuseur r\u00e9glable en verre d\u00e9poli serti dans un couvercle en m\u00e9tal nickel\u00e9.<\/p>\n<p>Mod\u00e8le \u00ab\u00a0Boomerang 2000\u00a0\u00bb.<\/p>\n<p>Fabricant: Fase.<\/p>\n<p>Espagne vers 1970.<\/p>\n<p><b>Dimensions<\/b><\/p>\n<ul>\n<li><b>cm:<\/b> 56 x 30 x 41<\/li>\n<li><b>inches:<\/b> 22.05 x 11.81 x 16.14<\/li>\n<\/ul>\n","protected":false},"featured_media":7731,"template":"","meta":{"_editorskit_title_hidden":false,"_editorskit_reading_time":0,"_editorskit_is_block_options_detached":false,"_editorskit_block_options_position":"{}","inline_featured_image":false},"product_brand":[],"product_cat":[264,333],"product_tag":[],"class_list":{"0":"post-7742","1":"product","2":"type-product","3":"status-publish","4":"has-post-thumbnail","6":"product_cat-luminaires","7":"product_cat-lampes-de-table","9":"first","10":"instock","11":"purchasable","12":"product-type-simple"},"_links":{"self":[{"href":"https:\/\/www.finsdesiecles-artdeco.com\/fr\/wp-json\/wp\/v2\/product\/7742","targetHints":{"allow":["GET"]}}],"collection":[{"href":"https:\/\/www.finsdesiecles-artdeco.com\/fr\/wp-json\/wp\/v2\/product"}],"about":[{"href":"https:\/\/www.finsdesiecles-artdeco.com\/fr\/wp-json\/wp\/v2\/types\/product"}],"wp:featuredmedia":[{"embeddable":true,"href":"https:\/\/www.finsdesiecles-artdeco.com\/fr\/wp-json\/wp\/v2\/media\/7731"}],"wp:attachment":[{"href":"https:\/\/www.finsdesiecles-artdeco.com\/fr\/wp-json\/wp\/v2\/media?parent=7742"}],"wp:term":[{"taxonomy":"product_brand","embeddable":true,"href":"https:\/\/www.finsdesiecles-artdeco.com\/fr\/wp-json\/wp\/v2\/product_brand?post=7742"},{"taxonomy":"product_cat","embeddable":true,"href":"https:\/\/www.finsdesiecles-artdeco.com\/fr\/wp-json\/wp\/v2\/product_cat?post=7742"},{"taxonomy":"product_tag","embeddable":true,"href":"https:\/\/www.finsdesiecles-artdeco.com\/fr\/wp-json\/wp\/v2\/product_tag?post=7742"}],"curies":[{"name":"wp","href":"https:\/\/api.w.org\/{rel}","templated":true}]}}