{"id":7760,"date":"2021-10-01T19:19:02","date_gmt":"2021-10-01T19:19:02","guid":{"rendered":"https:\/\/www.finsdesiecles-artdeco.com\/?product=cabinets"},"modified":"2022-10-22T10:27:56","modified_gmt":"2022-10-22T10:27:56","slug":"paire-de-cabinets-france-1940","status":"publish","type":"product","link":"https:\/\/www.finsdesiecles-artdeco.com\/fr\/product\/paire-de-cabinets-france-1940\/","title":{"rendered":"Paire de cabinets &#8211; France 1940"},"content":{"rendered":"<p>Paire de cabinets &#8211; France 1940<\/p>\n<hr \/>\n<p><b>Dimensions<\/b><\/p>\n<ul>\n<li><b>cm:<\/b> 55 x 37 x 144<\/li>\n<li><b>inches:<\/b> 21.65 x 14.57 x 56.69<\/li>\n<\/ul>\n","protected":false},"excerpt":{"rendered":"<p>Paire de cabinets en acajou massif et placage d&rsquo;acajou flamm\u00e9, l&rsquo;int\u00e9rieur de l&rsquo;un accueillant 8 tiroirs en acajou massif, l&rsquo;autre deux \u00e9tag\u00e8res. Socles laqu\u00e9s noir. Dessus en marbre vert vein\u00e9 de blanc. Clefs en laiton nickel\u00e9. Vernis au tampon.<\/p>\n<p>France vers 1940<\/p>\n<p><b>Dimensions<\/b><\/p>\n<ul>\n<li><b>cm:<\/b> 55 x 37 x 144<\/li>\n<li><b>inches:<\/b> 21.65 x 14.57 x 56.69<\/li>\n<\/ul>\n","protected":false},"featured_media":7753,"template":"","meta":{"_editorskit_title_hidden":false,"_editorskit_reading_time":0,"_editorskit_is_block_options_detached":false,"_editorskit_block_options_position":"{}","inline_featured_image":false},"product_brand":[],"product_cat":[415,691],"product_tag":[678],"class_list":{"0":"post-7760","1":"product","2":"type-product","3":"status-publish","4":"has-post-thumbnail","6":"product_cat-meubles-de-rangement","7":"product_cat-cabinets-2-fr","8":"product_tag-cabinets","10":"first","11":"instock","12":"purchasable","13":"product-type-simple"},"_links":{"self":[{"href":"https:\/\/www.finsdesiecles-artdeco.com\/fr\/wp-json\/wp\/v2\/product\/7760","targetHints":{"allow":["GET"]}}],"collection":[{"href":"https:\/\/www.finsdesiecles-artdeco.com\/fr\/wp-json\/wp\/v2\/product"}],"about":[{"href":"https:\/\/www.finsdesiecles-artdeco.com\/fr\/wp-json\/wp\/v2\/types\/product"}],"wp:featuredmedia":[{"embeddable":true,"href":"https:\/\/www.finsdesiecles-artdeco.com\/fr\/wp-json\/wp\/v2\/media\/7753"}],"wp:attachment":[{"href":"https:\/\/www.finsdesiecles-artdeco.com\/fr\/wp-json\/wp\/v2\/media?parent=7760"}],"wp:term":[{"taxonomy":"product_brand","embeddable":true,"href":"https:\/\/www.finsdesiecles-artdeco.com\/fr\/wp-json\/wp\/v2\/product_brand?post=7760"},{"taxonomy":"product_cat","embeddable":true,"href":"https:\/\/www.finsdesiecles-artdeco.com\/fr\/wp-json\/wp\/v2\/product_cat?post=7760"},{"taxonomy":"product_tag","embeddable":true,"href":"https:\/\/www.finsdesiecles-artdeco.com\/fr\/wp-json\/wp\/v2\/product_tag?post=7760"}],"curies":[{"name":"wp","href":"https:\/\/api.w.org\/{rel}","templated":true}]}}