{"id":7801,"date":"2021-10-11T16:13:36","date_gmt":"2021-10-11T16:13:36","guid":{"rendered":"https:\/\/www.finsdesiecles-artdeco.com\/?product=cabinets"},"modified":"2022-10-22T10:26:15","modified_gmt":"2022-10-22T10:26:15","slug":"cabinet-cubiste-barcelone-1940","status":"publish","type":"product","link":"https:\/\/www.finsdesiecles-artdeco.com\/fr\/product\/cabinet-cubiste-barcelone-1940\/","title":{"rendered":"Cabinet cubiste &#8211; Barcelone 1940"},"content":{"rendered":"<p>Cabinet cubiste &#8211; Barcelone, 1940<\/p>\n<hr \/>\n<p><b>Dimensions<\/b><\/p>\n<ul>\n<li><b>cm:<\/b> 100 x 44 \/ 46 x 91<\/li>\n<li><b>inches:<\/b> 39.37 x 17.32 \/ 18.11 x 35.83<\/li>\n<\/ul>\n","protected":false},"excerpt":{"rendered":"<p>Cabinet cubiste \u00e0 deux portes en placage d&rsquo;acajou, socle incurv\u00e9 laqu\u00e9 noir, poign\u00e9es et d\u00e9tails laqu\u00e9 noir, charni\u00e8res en laiton poli, dessus en opaline noire d&rsquo;origine.<\/p>\n<p>Espagne, Barcelone vers 1940<\/p>\n<p><b>Dimensions<\/b><\/p>\n<ul>\n<li><b>cm:<\/b> 100 x 44 \/ 46 x 91<\/li>\n<li><b>inches:<\/b> 39.37 x 17.32 \/ 18.11 x 35.83<\/li>\n<\/ul>\n","protected":false},"featured_media":7792,"template":"","meta":{"_editorskit_title_hidden":false,"_editorskit_reading_time":0,"_editorskit_is_block_options_detached":false,"_editorskit_block_options_position":"{}","inline_featured_image":false},"product_brand":[],"product_cat":[415,691],"product_tag":[],"class_list":{"0":"post-7801","1":"product","2":"type-product","3":"status-publish","4":"has-post-thumbnail","6":"product_cat-meubles-de-rangement","7":"product_cat-cabinets-2-fr","9":"first","10":"instock","11":"purchasable","12":"product-type-simple"},"_links":{"self":[{"href":"https:\/\/www.finsdesiecles-artdeco.com\/fr\/wp-json\/wp\/v2\/product\/7801","targetHints":{"allow":["GET"]}}],"collection":[{"href":"https:\/\/www.finsdesiecles-artdeco.com\/fr\/wp-json\/wp\/v2\/product"}],"about":[{"href":"https:\/\/www.finsdesiecles-artdeco.com\/fr\/wp-json\/wp\/v2\/types\/product"}],"wp:featuredmedia":[{"embeddable":true,"href":"https:\/\/www.finsdesiecles-artdeco.com\/fr\/wp-json\/wp\/v2\/media\/7792"}],"wp:attachment":[{"href":"https:\/\/www.finsdesiecles-artdeco.com\/fr\/wp-json\/wp\/v2\/media?parent=7801"}],"wp:term":[{"taxonomy":"product_brand","embeddable":true,"href":"https:\/\/www.finsdesiecles-artdeco.com\/fr\/wp-json\/wp\/v2\/product_brand?post=7801"},{"taxonomy":"product_cat","embeddable":true,"href":"https:\/\/www.finsdesiecles-artdeco.com\/fr\/wp-json\/wp\/v2\/product_cat?post=7801"},{"taxonomy":"product_tag","embeddable":true,"href":"https:\/\/www.finsdesiecles-artdeco.com\/fr\/wp-json\/wp\/v2\/product_tag?post=7801"}],"curies":[{"name":"wp","href":"https:\/\/api.w.org\/{rel}","templated":true}]}}