{"id":7864,"date":"2021-11-08T11:32:17","date_gmt":"2021-11-08T11:32:17","guid":{"rendered":"https:\/\/www.finsdesiecles-artdeco.com\/?product=panneaux-decoratifs"},"modified":"2022-09-10T12:04:00","modified_gmt":"2022-09-10T12:04:00","slug":"serie-de-panneaux-decoratifs-espagne-1964","status":"publish","type":"product","link":"https:\/\/www.finsdesiecles-artdeco.com\/fr\/product\/serie-de-panneaux-decoratifs-espagne-1964\/","title":{"rendered":"S\u00e9rie de panneaux d\u00e9coratifs &#8211; Espagne 1964"},"content":{"rendered":"<p>S\u00e9rie de panneaux d\u00e9coratifs &#8211; Espagne 1964<\/p>\n<hr \/>\n<p><b>Dimensions<\/b><\/p>\n<ul>\n<li><b>cm:<\/b> Grands panneaux 47 x 3 x 92 Petits panneaux 32 x 3 x 92<\/li>\n<li><b>inches:<\/b> Grands panneaux 18.5 x 1.18 x 36.22 Petits panneaux 12.6 x 1.18 x 36.22<\/li>\n<\/ul>\n","protected":false},"excerpt":{"rendered":"<p>S\u00e9rie de 5 panneaux d\u00e9coratifs en relief sculpt\u00e9s et peints \u00e0 la main sur bois massif, sc\u00e8nes de danse et de musique, travail extr\u00eamement\u00a0fin d&rsquo;inspiration Art-D\u00e9co.<\/p>\n<p>Sign\u00e9 et dat\u00e9 : A.Trapote Mateo 1964.<\/p>\n<p>Espagne<\/p>\n<p><b>Dimensions<\/b><\/p>\n<ul>\n<li><b>cm:<\/b> Grands panneaux 47 x 3 x 92 Petits panneaux 32 x 3 x 92<\/li>\n<li><b>inches:<\/b> Grands panneaux 18.5 x 1.18 x 36.22 Petits panneaux 12.6 x 1.18 x 36.22<\/li>\n<\/ul>\n","protected":false},"featured_media":7842,"template":"","meta":{"_editorskit_title_hidden":false,"_editorskit_reading_time":0,"_editorskit_is_block_options_detached":false,"_editorskit_block_options_position":"{}","inline_featured_image":false},"product_brand":[],"product_cat":[686],"product_tag":[],"class_list":{"0":"post-7864","1":"product","2":"type-product","3":"status-publish","4":"has-post-thumbnail","6":"product_cat-divers","8":"first","9":"instock","10":"purchasable","11":"product-type-simple"},"_links":{"self":[{"href":"https:\/\/www.finsdesiecles-artdeco.com\/fr\/wp-json\/wp\/v2\/product\/7864","targetHints":{"allow":["GET"]}}],"collection":[{"href":"https:\/\/www.finsdesiecles-artdeco.com\/fr\/wp-json\/wp\/v2\/product"}],"about":[{"href":"https:\/\/www.finsdesiecles-artdeco.com\/fr\/wp-json\/wp\/v2\/types\/product"}],"wp:featuredmedia":[{"embeddable":true,"href":"https:\/\/www.finsdesiecles-artdeco.com\/fr\/wp-json\/wp\/v2\/media\/7842"}],"wp:attachment":[{"href":"https:\/\/www.finsdesiecles-artdeco.com\/fr\/wp-json\/wp\/v2\/media?parent=7864"}],"wp:term":[{"taxonomy":"product_brand","embeddable":true,"href":"https:\/\/www.finsdesiecles-artdeco.com\/fr\/wp-json\/wp\/v2\/product_brand?post=7864"},{"taxonomy":"product_cat","embeddable":true,"href":"https:\/\/www.finsdesiecles-artdeco.com\/fr\/wp-json\/wp\/v2\/product_cat?post=7864"},{"taxonomy":"product_tag","embeddable":true,"href":"https:\/\/www.finsdesiecles-artdeco.com\/fr\/wp-json\/wp\/v2\/product_tag?post=7864"}],"curies":[{"name":"wp","href":"https:\/\/api.w.org\/{rel}","templated":true}]}}