{"id":8002,"date":"2021-12-20T11:11:54","date_gmt":"2021-12-20T11:11:54","guid":{"rendered":"https:\/\/www.finsdesiecles-artdeco.com\/?product=centres-de-table"},"modified":"2022-08-05T17:39:03","modified_gmt":"2022-08-05T17:39:03","slug":"centre-de-table-art-deco-par-zanetto-1930","status":"publish","type":"product","link":"https:\/\/www.finsdesiecles-artdeco.com\/fr\/product\/centre-de-table-art-deco-par-zanetto-1930\/","title":{"rendered":"Centre de table Art D\u00e9co par Zanetto &#8211; 1930"},"content":{"rendered":"<p>Centre de table Art D\u00e9co par Zanetto &#8211; 1930<\/p>\n<hr \/>\n<p><b>Dimensions<\/b><\/p>\n<ul>\n<li><b>cm:<\/b> Diam 41 x 28<\/li>\n<li><b>inches:<\/b> Diam 16.14 x 11.02<\/li>\n<\/ul>\n","protected":false},"excerpt":{"rendered":"<p>Centre de table Art D\u00e9co compos\u00e9 par un plat et un vase en laiton argent\u00e9 martel\u00e9.<\/p>\n<p>Sign\u00e9: Zanetto<\/p>\n<p>Italie vers 1930<\/p>\n<p>&nbsp;<\/p>\n<p>Plat: Diam 41 x 11 cm<\/p>\n<p>Vase: Diam 15 x 28 cm<\/p>\n<p><b>Dimensions<\/b><\/p>\n<ul>\n<li><b>cm:<\/b> Diam 41 x 28<\/li>\n<li><b>inches:<\/b> Diam 16.14 x 11.02<\/li>\n<\/ul>\n","protected":false},"featured_media":7994,"template":"","meta":{"_editorskit_title_hidden":false,"_editorskit_reading_time":0,"_editorskit_is_block_options_detached":false,"_editorskit_block_options_position":"{}","inline_featured_image":false},"product_brand":[],"product_cat":[464,345,267],"product_tag":[],"class_list":{"0":"post-8002","1":"product","2":"type-product","3":"status-publish","4":"has-post-thumbnail","6":"product_cat-objets-decoratifs","7":"product_cat-argenterie","8":"product_cat-objets-et-accessoires","10":"first","11":"instock","12":"purchasable","13":"product-type-simple"},"_links":{"self":[{"href":"https:\/\/www.finsdesiecles-artdeco.com\/fr\/wp-json\/wp\/v2\/product\/8002","targetHints":{"allow":["GET"]}}],"collection":[{"href":"https:\/\/www.finsdesiecles-artdeco.com\/fr\/wp-json\/wp\/v2\/product"}],"about":[{"href":"https:\/\/www.finsdesiecles-artdeco.com\/fr\/wp-json\/wp\/v2\/types\/product"}],"wp:featuredmedia":[{"embeddable":true,"href":"https:\/\/www.finsdesiecles-artdeco.com\/fr\/wp-json\/wp\/v2\/media\/7994"}],"wp:attachment":[{"href":"https:\/\/www.finsdesiecles-artdeco.com\/fr\/wp-json\/wp\/v2\/media?parent=8002"}],"wp:term":[{"taxonomy":"product_brand","embeddable":true,"href":"https:\/\/www.finsdesiecles-artdeco.com\/fr\/wp-json\/wp\/v2\/product_brand?post=8002"},{"taxonomy":"product_cat","embeddable":true,"href":"https:\/\/www.finsdesiecles-artdeco.com\/fr\/wp-json\/wp\/v2\/product_cat?post=8002"},{"taxonomy":"product_tag","embeddable":true,"href":"https:\/\/www.finsdesiecles-artdeco.com\/fr\/wp-json\/wp\/v2\/product_tag?post=8002"}],"curies":[{"name":"wp","href":"https:\/\/api.w.org\/{rel}","templated":true}]}}