{"id":8119,"date":"2022-01-19T12:15:17","date_gmt":"2022-01-19T12:15:17","guid":{"rendered":"https:\/\/www.finsdesiecles-artdeco.com\/?product=consoles"},"modified":"2023-02-09T16:53:55","modified_gmt":"2023-02-09T16:53:55","slug":"console-mouvement-bauhaus-barcelone-1930","status":"publish","type":"product","link":"https:\/\/www.finsdesiecles-artdeco.com\/fr\/product\/console-mouvement-bauhaus-barcelone-1930\/","title":{"rendered":"Console Mouvement Bauhaus &#8211; Barcelone 1930"},"content":{"rendered":"<p>Console Mouvement Bauhaus &#8211; Barcelone 1930<\/p>\n<hr \/>\n<p><b>Dimensions<\/b><\/p>\n<ul>\n<li><b>cm:<\/b> 105 x 32 x 100<\/li>\n<li><b>inches:<\/b> 41.34 x 12.6 x 39.37<\/li>\n<\/ul>\n","protected":false},"excerpt":{"rendered":"<p>Console Art-D\u00e9co \u00e0 pi\u00e8tement tubulaire en acier nickel\u00e9 et trois tablettes en bois massif plaqu\u00e9 de noyer. Vernis au tampon.<\/p>\n<p>Mouvement Bauhaus.<\/p>\n<p>Espagne, Barcelone vers 1930.<\/p>\n<p><b>Dimensions<\/b><\/p>\n<ul>\n<li><b>cm:<\/b> 105 x 32 x 100<\/li>\n<li><b>inches:<\/b> 41.34 x 12.6 x 39.37<\/li>\n<\/ul>\n","protected":false},"featured_media":8111,"template":"","meta":{"_editorskit_title_hidden":false,"_editorskit_reading_time":0,"_editorskit_is_block_options_detached":false,"_editorskit_block_options_position":"{}","inline_featured_image":false},"product_brand":[],"product_cat":[276,256,444,696,324],"product_tag":[],"class_list":{"0":"post-8119","1":"product","2":"type-product","3":"status-publish","4":"has-post-thumbnail","6":"product_cat-auxiliaires","7":"product_cat-tables","8":"product_cat-etageres","9":"product_cat-console-fr","10":"product_cat-consoles","12":"first","13":"instock","14":"purchasable","15":"product-type-simple"},"_links":{"self":[{"href":"https:\/\/www.finsdesiecles-artdeco.com\/fr\/wp-json\/wp\/v2\/product\/8119","targetHints":{"allow":["GET"]}}],"collection":[{"href":"https:\/\/www.finsdesiecles-artdeco.com\/fr\/wp-json\/wp\/v2\/product"}],"about":[{"href":"https:\/\/www.finsdesiecles-artdeco.com\/fr\/wp-json\/wp\/v2\/types\/product"}],"wp:featuredmedia":[{"embeddable":true,"href":"https:\/\/www.finsdesiecles-artdeco.com\/fr\/wp-json\/wp\/v2\/media\/8111"}],"wp:attachment":[{"href":"https:\/\/www.finsdesiecles-artdeco.com\/fr\/wp-json\/wp\/v2\/media?parent=8119"}],"wp:term":[{"taxonomy":"product_brand","embeddable":true,"href":"https:\/\/www.finsdesiecles-artdeco.com\/fr\/wp-json\/wp\/v2\/product_brand?post=8119"},{"taxonomy":"product_cat","embeddable":true,"href":"https:\/\/www.finsdesiecles-artdeco.com\/fr\/wp-json\/wp\/v2\/product_cat?post=8119"},{"taxonomy":"product_tag","embeddable":true,"href":"https:\/\/www.finsdesiecles-artdeco.com\/fr\/wp-json\/wp\/v2\/product_tag?post=8119"}],"curies":[{"name":"wp","href":"https:\/\/api.w.org\/{rel}","templated":true}]}}